{"id":1201,"date":"2022-07-23T17:16:55","date_gmt":"2022-07-23T15:16:55","guid":{"rendered":"https:\/\/beljanicatrail.org\/?page_id=1201"},"modified":"2022-07-23T17:46:47","modified_gmt":"2022-07-23T15:46:47","slug":"zabava","status":"publish","type":"page","link":"https:\/\/beljanicatrail.org\/?page_id=1201","title":{"rendered":"Zabava i opu\u0161tanje"},"content":{"rendered":"<div id=\"pl-gb1201-6a07155ebb28e\"  class=\"panel-layout\" ><div id=\"pg-gb1201-6a07155ebb28e-0\"  class=\"panel-grid panel-no-style\" ><div id=\"pgc-gb1201-6a07155ebb28e-0-0\"  class=\"panel-grid-cell\" ><div id=\"panel-gb1201-6a07155ebb28e-0-0-0\" class=\"so-panel widget widget_media_image panel-first-child panel-last-child\" data-index=\"0\" ><img loading=\"lazy\" decoding=\"async\" width=\"1200\" height=\"200\" src=\"https:\/\/beljanicatrail.org\/wp-content\/uploads\/2022\/07\/zabava-head.jpg\" class=\"image wp-image-1208  attachment-full size-full\" alt=\"\" style=\"max-width: 100%; height: auto;\" srcset=\"https:\/\/beljanicatrail.org\/wp-content\/uploads\/2022\/07\/zabava-head.jpg 1200w, https:\/\/beljanicatrail.org\/wp-content\/uploads\/2022\/07\/zabava-head-300x50.jpg 300w, https:\/\/beljanicatrail.org\/wp-content\/uploads\/2022\/07\/zabava-head-1024x171.jpg 1024w, https:\/\/beljanicatrail.org\/wp-content\/uploads\/2022\/07\/zabava-head-768x128.jpg 768w\" sizes=\"auto, (max-width: 1200px) 100vw, 1200px\" \/><\/div><\/div><\/div><div id=\"pg-gb1201-6a07155ebb28e-1\"  class=\"panel-grid panel-no-style\" ><div id=\"pgc-gb1201-6a07155ebb28e-1-0\"  class=\"panel-grid-cell\" ><div id=\"panel-gb1201-6a07155ebb28e-1-0-0\" class=\"so-panel widget widget_headline-widget panel-first-child\" data-index=\"1\" >\t\t<h1>ZABAVA<\/h1>\n\t\t<div class=\"decoration\"><div class=\"decoration-inside\"><\/div><\/div>\n\t\t<h3><\/h3>\n\t\t<\/div><div id=\"panel-gb1201-6a07155ebb28e-1-0-1\" class=\"so-panel widget widget_text\" data-index=\"2\" >\t\t\t<div class=\"textwidget\"><p>U okviru prijemnog centra, kod planinske ku\u0107e Suvaja, obezbedili smo <strong>besplatnu<\/strong> zabavu za u\u010desnike i druge goste.<\/p>\n<p>\u0160ta vas sve \u010deka na platou oko ku\u0107e?<\/p>\n<ul>\n<li>stoni tenis<\/li>\n<li>stoni fudbal<\/li>\n<li>paintball ga\u0111anje u metu<\/li>\n<li>badminton<\/li>\n<li>fudbal na male golove<\/li>\n<\/ul>\n<p>Da ostane zapam\u0107eno! Profesionalni fotografi i dronovi \u0107e zabele\u017eiti momente sa trke! Sve fotografije i video kadrovi \u0107e vam biti dostupni za <strong>besplatno<\/strong> preuzimanje nakon trke!<\/p>\n<\/div>\n\t\t<\/div><div id=\"panel-gb1201-6a07155ebb28e-1-0-2\" class=\"so-panel widget widget_headline-widget\" data-index=\"3\" >\t\t<h1>OPU\u0160TANJE<\/h1>\n\t\t<div class=\"decoration\"><div class=\"decoration-inside\"><\/div><\/div>\n\t\t<h3><\/h3>\n\t\t<\/div><div id=\"panel-gb1201-6a07155ebb28e-1-0-3\" class=\"so-panel widget widget_text panel-last-child\" data-index=\"4\" >\t\t\t<div class=\"textwidget\"><p>Da prekratite vreme ili zagrejete mi\u0161i\u0107e!<\/p>\n<p>Tako\u0111e, <strong>nekoliko masera<\/strong> \u0107e biti u ciljnoj zoni, potpuno <strong>besplatno<\/strong>, na raspolaganju svima onima koji \u017eele da relaksiraju svoje mi\u0161i\u0107e nakon zavr\u0161etka trke!!!<\/p>\n<p>A da do\u017eivljaj bude kompletan, tu \u0107e se na\u0107i i <strong>DJ<\/strong> koji \u0107e se potruditi da i ostala \u010dula u\u017eivaju!<\/p>\n<p>\u010cEKAMO VAS!!!<\/p>\n<\/div>\n\t\t<\/div><\/div><\/div><div id=\"pg-gb1201-6a07155ebb28e-2\"  class=\"panel-grid panel-no-style\" ><div id=\"pgc-gb1201-6a07155ebb28e-2-0\"  class=\"panel-grid-cell panel-grid-cell-empty\" ><\/div><\/div><\/div>","protected":false},"excerpt":{"rendered":"<p>U okviru prijemnog centra, kod planinske ku\u0107e Suvaja, obezbedili smo besplatnu zabavu za u\u010desnike i druge goste. \u0160ta vas sve \u010deka na platou oko ku\u0107e? stoni tenis stoni fudbal paintball ga\u0111anje u metu badminton fudbal na male golove Da ostane zapam\u0107eno! Profesionalni fotografi i dronovi \u0107e zabele\u017eiti momente sa trke! Sve fotografije i video kadrovi [&hellip;]<\/p>\n","protected":false},"author":1,"featured_media":0,"parent":0,"menu_order":0,"comment_status":"closed","ping_status":"closed","template":"","meta":{"_lmt_disableupdate":"","_lmt_disable":"","footnotes":""},"class_list":["post-1201","page","type-page","status-publish","hentry","post"],"_links":{"self":[{"href":"https:\/\/beljanicatrail.org\/index.php?rest_route=\/wp\/v2\/pages\/1201","targetHints":{"allow":["GET"]}}],"collection":[{"href":"https:\/\/beljanicatrail.org\/index.php?rest_route=\/wp\/v2\/pages"}],"about":[{"href":"https:\/\/beljanicatrail.org\/index.php?rest_route=\/wp\/v2\/types\/page"}],"author":[{"embeddable":true,"href":"https:\/\/beljanicatrail.org\/index.php?rest_route=\/wp\/v2\/users\/1"}],"replies":[{"embeddable":true,"href":"https:\/\/beljanicatrail.org\/index.php?rest_route=%2Fwp%2Fv2%2Fcomments&post=1201"}],"version-history":[{"count":6,"href":"https:\/\/beljanicatrail.org\/index.php?rest_route=\/wp\/v2\/pages\/1201\/revisions"}],"predecessor-version":[{"id":1219,"href":"https:\/\/beljanicatrail.org\/index.php?rest_route=\/wp\/v2\/pages\/1201\/revisions\/1219"}],"wp:attachment":[{"href":"https:\/\/beljanicatrail.org\/index.php?rest_route=%2Fwp%2Fv2%2Fmedia&parent=1201"}],"curies":[{"name":"wp","href":"https:\/\/api.w.org\/{rel}","templated":true}]}}