{"id":1702,"date":"2023-06-04T22:47:29","date_gmt":"2023-06-04T20:47:29","guid":{"rendered":"https:\/\/beljanicatrail.org\/?page_id=1702"},"modified":"2023-06-04T22:48:01","modified_gmt":"2023-06-04T20:48:01","slug":"sponzori-i-nagrade-2023","status":"publish","type":"page","link":"https:\/\/beljanicatrail.org\/?page_id=1702","title":{"rendered":"Sponzori i nagrade 2022"},"content":{"rendered":"<div id=\"pl-1702\" class=\"panel-layout\">\n<div id=\"pg-1702-0\" class=\"panel-grid panel-no-style\" data-style=\"{&quot;background_image_attachment&quot;:false,&quot;background_display&quot;:&quot;tile&quot;,&quot;full_height&quot;:&quot;&quot;,&quot;cell_alignment&quot;:&quot;flex-start&quot;}\">\n<div id=\"pgc-1702-0-0\" class=\"panel-grid-cell\" data-weight=\"1\">\n<div id=\"panel-1702-0-0-0\" class=\"so-panel widget widget_sow-editor panel-first-child panel-last-child\" data-index=\"0\" data-style=\"{&quot;background_image_attachment&quot;:false,&quot;background_display&quot;:&quot;tile&quot;}\">\n<div class=\"so-widget-sow-editor so-widget-sow-editor-base\">\n<div class=\"siteorigin-widget-tinymce textwidget\">\n<p><strong>SPONZORI I PRIJATELJI<\/strong><strong>:<\/strong><\/p>\n<\/div>\n<\/div>\n<\/div>\n<\/div>\n<\/div>\n<div id=\"pg-1702-1\" class=\"panel-grid panel-no-style\" data-style=\"{&quot;background_image_attachment&quot;:false,&quot;background_display&quot;:&quot;tile&quot;,&quot;full_height&quot;:&quot;&quot;,&quot;cell_alignment&quot;:&quot;flex-start&quot;}\" data-ratio=\"1\" data-ratio-direction=\"right\">\n<div id=\"pgc-1702-1-0\" class=\"panel-grid-cell\" data-weight=\"0.33333333333333\">\n<div id=\"panel-1702-1-0-0\" class=\"so-panel widget widget_sow-editor panel-first-child panel-last-child\" data-index=\"1\" data-style=\"{&quot;background_image_attachment&quot;:false,&quot;background_display&quot;:&quot;tile&quot;,&quot;background_image_size&quot;:&quot;full&quot;,&quot;border_thickness&quot;:&quot;1px&quot;}\">\n<div class=\"so-widget-sow-editor so-widget-sow-editor-base\">\n<div class=\"siteorigin-widget-tinymce textwidget\">\n<p><a href=\"https:\/\/www.lisine.rs\/\" target=\"_blank\" rel=\"noopener\"><strong>Restoran Izvor Lisine<\/strong><\/a><\/p>\n<p><a href=\"https:\/\/zebra.com\" target=\"_blank\" rel=\"noopener\"><strong>Zebra Technologies<\/strong><\/a><\/p>\n<p><a href=\"http:\/\/stamparijaboban.com\" target=\"_blank\" rel=\"noopener\"><strong>Boban \u0161tamparija<\/strong><\/a><\/p>\n<p><strong>Vo\u0107kica Kragujevac<\/strong><\/p>\n<p><a href=\"https:\/\/www.facebook.com\/sportskaorganizacijade\/\" target=\"_blank\" rel=\"noopener\"><strong>Sportska organizacija Despotovac<\/strong><\/a><\/p>\n<p><a href=\"https:\/\/www.lomax-company.com\/brendovi\" target=\"_blank\" rel=\"noopener\"><strong>Dobra ovsena ka\u0161a i granola<\/strong><\/a><\/p>\n<\/div>\n<\/div>\n<\/div>\n<\/div>\n<div id=\"pgc-1702-1-1\" class=\"panel-grid-cell\" data-weight=\"0.33333333333333\">\n<div id=\"panel-1702-1-1-0\" class=\"so-panel widget widget_sow-editor panel-first-child panel-last-child\" data-index=\"2\" data-style=\"{&quot;background_image_attachment&quot;:false,&quot;background_display&quot;:&quot;tile&quot;,&quot;background_image_size&quot;:&quot;full&quot;,&quot;border_thickness&quot;:&quot;1px&quot;}\">\n<div class=\"so-widget-sow-editor so-widget-sow-editor-base\">\n<div class=\"siteorigin-widget-tinymce textwidget\">\n<p><strong><a href=\"https:\/\/anacirkovic.com\/sr\/ana-cirkovic-sr\/\" target=\"_blank\" rel=\"noopener\">Ana \u0106irkovi\u0107 \u0106uprija<\/a><\/strong><\/p>\n<p><strong>Crveni krst Srbije, Svilajnac<\/strong><\/p>\n<p><strong>Sekira u medu Jevti\u0107 \u2013 Lukovica<\/strong><\/p>\n<p><a href=\"https:\/\/www.facebook.com\/gymsplinter\/\"><strong>Teretana Splinter, Svilajnac<\/strong><\/a><\/p>\n<p><strong>Zlatko Jovanovi\u0107<\/strong><\/p>\n<p><a href=\"http:\/\/resavskapecina.rs\/site\/\" target=\"_blank\" rel=\"noopener\"><strong>JP Resavska pe\u0107ina<\/strong><\/a><\/p>\n<\/div>\n<\/div>\n<\/div>\n<\/div>\n<div id=\"pgc-1702-1-2\" class=\"panel-grid-cell\" data-weight=\"0.33333333333333\">\n<div id=\"panel-1702-1-2-0\" class=\"so-panel widget widget_sow-editor panel-first-child panel-last-child\" data-index=\"3\" data-style=\"{&quot;background_image_attachment&quot;:false,&quot;background_display&quot;:&quot;tile&quot;,&quot;background_image_size&quot;:&quot;full&quot;,&quot;border_thickness&quot;:&quot;1px&quot;}\">\n<div class=\"so-widget-sow-editor so-widget-sow-editor-base\">\n<div class=\"siteorigin-widget-tinymce textwidget\">\n<p><a href=\"https:\/\/ecomilanovic.com\/\"><strong>Eco farma Milanovi\u0107<\/strong><\/a><\/p>\n<p><a href=\"https:\/\/www.facebook.com\/CherokeeCyclingClub\/\" target=\"_blank\" rel=\"noopener\"><strong>Cherokee Cycling Club<\/strong><\/a><\/p>\n<p><strong>Licider M Despotovac<\/strong><\/p>\n<p><a href=\"http:\/\/prirodnjackicentar.rs\/\" target=\"_blank\" rel=\"noopener\"><strong>Prirodnja\u010dki centar Svilajnac<\/strong><\/a><\/p>\n<\/div>\n<\/div>\n<\/div>\n<\/div>\n<\/div>\n<div id=\"pg-1702-2\" class=\"panel-grid panel-no-style\" data-style=\"{&quot;background_image_attachment&quot;:false,&quot;background_display&quot;:&quot;tile&quot;,&quot;full_height&quot;:&quot;&quot;,&quot;cell_alignment&quot;:&quot;flex-start&quot;}\">\n<div id=\"pgc-1702-2-0\" class=\"panel-grid-cell\" data-weight=\"1\">\n<div id=\"panel-1702-2-0-0\" class=\"so-panel widget widget_sow-editor panel-first-child panel-last-child\" data-index=\"4\" data-style=\"{&quot;background_image_attachment&quot;:false,&quot;background_display&quot;:&quot;tile&quot;}\">\n<div class=\"so-widget-sow-editor so-widget-sow-editor-base\">\n<div class=\"siteorigin-widget-tinymce textwidget\">\n<p><strong>PRIJATELJI TRKE I TRKE PRIJATELJI:<br \/>\n<\/strong><\/p>\n<\/div>\n<\/div>\n<\/div>\n<\/div>\n<\/div>\n<div id=\"pg-1702-3\" class=\"panel-grid panel-no-style\" data-style=\"{&quot;background_image_attachment&quot;:false,&quot;background_display&quot;:&quot;tile&quot;,&quot;full_height&quot;:&quot;&quot;,&quot;cell_alignment&quot;:&quot;flex-start&quot;}\" data-ratio=\"1\" data-ratio-direction=\"right\">\n<div id=\"pgc-1702-3-0\" class=\"panel-grid-cell\" data-weight=\"0.33333333333333\">\n<div id=\"panel-1702-3-0-0\" class=\"so-panel widget widget_sow-editor panel-first-child panel-last-child\" data-index=\"5\" data-style=\"{&quot;background_image_attachment&quot;:false,&quot;background_display&quot;:&quot;tile&quot;}\">\n<div class=\"so-widget-sow-editor so-widget-sow-editor-base\">\n<div class=\"siteorigin-widget-tinymce textwidget\">\n<p><a href=\"https:\/\/www.facebook.com\/serija8k\/\" target=\"_blank\" rel=\"noopener\"><strong>8K Serija<\/strong><\/a><\/p>\n<p><a href=\"https:\/\/www.facebook.com\/westserbiatrails\/\" target=\"_blank\" rel=\"noopener\"><strong>West Serbia Trails<\/strong><\/a><\/p>\n<p><a href=\"http:\/\/trailracekopaonik.com\"><strong>Kopanik Trail Race<\/strong><\/a><\/p>\n<\/div>\n<\/div>\n<\/div>\n<\/div>\n<div id=\"pgc-1702-3-1\" class=\"panel-grid-cell\" data-weight=\"0.33333333333333\">\n<div id=\"panel-1702-3-1-0\" class=\"so-panel widget widget_sow-editor panel-first-child panel-last-child\" data-index=\"6\" data-style=\"{&quot;background_image_attachment&quot;:false,&quot;background_display&quot;:&quot;tile&quot;}\">\n<div class=\"so-widget-sow-editor so-widget-sow-editor-base\">\n<div class=\"siteorigin-widget-tinymce textwidget\">\n<p><a href=\"https:\/\/karpas.rs\/\" target=\"_blank\" rel=\"noopener\"><strong>Karpas Trail Race<\/strong><\/a><\/p>\n<p><strong><a href=\"https:\/\/festivalzdravogduha.rs\/\" target=\"_blank\" rel=\"noopener\">Ov\u010darsko-kablarski festival zdravog duha<\/a><\/strong><\/p>\n<p><a href=\"https:\/\/www.facebook.com\/rocky.trail.gorges\"><strong>Rocky Trail<\/strong><\/a><\/p>\n<\/div>\n<\/div>\n<\/div>\n<\/div>\n<div id=\"pgc-1702-3-2\" class=\"panel-grid-cell\" data-weight=\"0.33333333333333\">\n<div id=\"panel-1702-3-2-0\" class=\"so-panel widget widget_sow-editor panel-first-child panel-last-child\" data-index=\"7\" data-style=\"{&quot;background_image_attachment&quot;:false,&quot;background_display&quot;:&quot;tile&quot;}\">\n<div class=\"so-widget-sow-editor so-widget-sow-editor-base\">\n<div class=\"siteorigin-widget-tinymce textwidget\">\n<p><a href=\"https:\/\/www.facebook.com\/ARKDUGESTAZESVILAJNAC\" target=\"_blank\" rel=\"noopener\"><strong>ARK Duge staze Svilajnac<\/strong><\/a><\/p>\n<p><a href=\"https:\/\/www.facebook.com\/Crni-Vrh-trail-2021-106843404895714\/photos\/\" target=\"_blank\" rel=\"noopener\"><strong>Crni vrh Trail<\/strong><\/a><\/p>\n<\/div>\n<\/div>\n<\/div>\n<\/div>\n<\/div>\n<div id=\"pg-1702-4\" class=\"panel-grid panel-no-style\" data-style=\"{&quot;background_image_attachment&quot;:false,&quot;background_display&quot;:&quot;tile&quot;,&quot;full_height&quot;:&quot;&quot;,&quot;cell_alignment&quot;:&quot;flex-start&quot;}\">\n<div id=\"pgc-1702-4-0\" class=\"panel-grid-cell\" data-weight=\"0.6\">\n<div id=\"panel-1702-4-0-0\" class=\"so-panel widget widget_sow-editor panel-first-child\" data-index=\"8\" data-style=\"{&quot;background_image_attachment&quot;:false,&quot;background_display&quot;:&quot;tile&quot;}\">\n<div class=\"so-widget-sow-editor so-widget-sow-editor-base\">\n<div class=\"siteorigin-widget-tinymce textwidget\">\n<p><strong>NAGRADE:<\/strong><\/p>\n<p><img loading=\"lazy\" decoding=\"async\" class=\"alignnone  wp-image-825\" src=\"https:\/\/beljanicatrail.org\/wp-content\/uploads\/2022\/06\/Screenshot-2022-06-21-at-09.58.18-300x205.png\" sizes=\"auto, (max-width: 500px) 100vw, 500px\" srcset=\"https:\/\/beljanicatrail.org\/wp-content\/uploads\/2022\/06\/Screenshot-2022-06-21-at-09.58.18-300x205.png 300w, https:\/\/beljanicatrail.org\/wp-content\/uploads\/2022\/06\/Screenshot-2022-06-21-at-09.58.18-1024x700.png 1024w, https:\/\/beljanicatrail.org\/wp-content\/uploads\/2022\/06\/Screenshot-2022-06-21-at-09.58.18-768x525.png 768w, https:\/\/beljanicatrail.org\/wp-content\/uploads\/2022\/06\/Screenshot-2022-06-21-at-09.58.18.png 1126w\" alt=\"\" width=\"500\" height=\"342\" \/><\/p>\n<p>(Prikazane nagrade su zagarantovane. Nagradni fond se mo\u017ee i uve\u0107ati pa ispratite redovne promene na ovom mestu)<\/p>\n<\/div>\n<\/div>\n<\/div>\n<div id=\"panel-1702-4-0-1\" class=\"so-panel widget widget_sow-image\" data-index=\"9\" data-style=\"{&quot;background_image_attachment&quot;:false,&quot;background_display&quot;:&quot;tile&quot;}\"><div\n\t\t\t\n\t\t\tclass=\"so-widget-sow-image so-widget-sow-image-default-8b5b6f678277\"\n\t\t\t\n\t\t>\n\n<div class=\"sow-image-container\">\n\t\t<img title=\"Sponzori i nagrade 2022\" alt=\"\" \t\tclass=\"so-widget-image\"\/>\n\t<\/div>\n\n<\/div><\/div>\n<div id=\"panel-1702-4-0-2\" class=\"so-panel widget widget_sow-editor panel-last-child\" data-index=\"10\" data-style=\"{&quot;background_image_attachment&quot;:false,&quot;background_display&quot;:&quot;tile&quot;}\">\n<div class=\"so-widget-sow-editor so-widget-sow-editor-base\">\n<div class=\"siteorigin-widget-tinymce textwidget\">\n<p><strong>NAGRADNO TAKMI\u010cENJE!!!<\/strong><\/p>\n<p><strong>Specijalna robna nagrada u vidu paketa proizvoda na\u0161ih sponzora za najkorisniji utisak ili komentar nakon trke!<\/strong><\/p>\n<p><strong>Takmi\u010dar sa komentarom koji Organizacioni odbor smatra najkorisnijim, najiskrenijem ili najboljim za budu\u0107u organizaciju trka, dobija vrednu robnu nagradu na\u0161ih sponzora!<\/strong><\/p>\n<p>Potrebno je da nakon zavr\u0161ene trke, na na\u0161em sajtu run.beljanicatrail.org u delu Kontakt &gt; Pi\u0161ite nam, napi\u0161ete svoj komentar ili utisak, recimo \u0161ta je to \u0161to vas se svidelo vi\u0161e nego na drugim trkama, \u0161to ste mo\u017eda druga\u010dije o\u010dekivali, \u0161ta vam se mo\u017eda nije svidelo ili \u0161ta preporu\u010dujete da trka bude atraktivnija ili bolje organizovana.<\/p>\n<p>Po\u0161aljite va\u0161 komentar a mi \u0107emo izabrati jedan po na\u0161em mi\u0161ljenju i kontaktirati vas pre nego objavimo isti i dodelimo nagradu. Svi poslati komentari \u0107e biti objavljeni u delu Utisci nakon njihovog pregleda i odobrenja (ne postavljaju se automatski). Sami nazna\u010dite na kraju komentara da li \u017eelite da komentar bude objavljen pod punim imenom, skra\u0107enim imenom ili odre\u0111enim inicijalima koje navedete.<\/p>\n<p>I ne zaboravite broj telefona, tako\u0111e, u komentaru (broj telefona ne\u0107emo objaviti).<\/p>\n<p>Takmi\u010denje traje do 11.09. do 23:59 \u010dasova!<\/p>\n<\/div>\n<\/div>\n<\/div>\n<\/div>\n<div id=\"pgc-1702-4-1\" class=\"panel-grid-cell\" data-weight=\"0.4\">\n<div id=\"panel-1702-4-1-0\" class=\"so-panel widget widget_sow-image panel-first-child\" data-index=\"11\" data-style=\"{&quot;background_image_attachment&quot;:false,&quot;background_display&quot;:&quot;tile&quot;}\"><div\n\t\t\t\n\t\t\tclass=\"so-widget-sow-image so-widget-sow-image-default-8b5b6f678277\"\n\t\t\t\n\t\t>\n\n<div class=\"sow-image-container\">\n\t\t<img title=\"Sponzori i nagrade 2022\" alt=\"\" \t\tclass=\"so-widget-image\"\/>\n\t<\/div>\n\n<\/div><\/div>\n<div id=\"panel-1702-4-1-1\" class=\"so-panel widget widget_sow-editor panel-last-child\" data-index=\"12\" data-style=\"{&quot;background_image_attachment&quot;:false,&quot;background_display&quot;:&quot;tile&quot;}\">\n<div class=\"so-widget-sow-editor so-widget-sow-editor-base\">\n<div class=\"siteorigin-widget-tinymce textwidget\">\n<p><strong>Specijalna nagrada u vidu paketa organsko prirodnih proizvoda, kompanije <a href=\"https:\/\/anacirkovic.com\/sr\/ana-cirkovic-sr\/\">ANA \u0106IRKOVI\u0106<\/a> iz \u0106uprije, za Instagram objavu:<br \/>\n<\/strong><\/p>\n<p><strong>*** Takmi\u010dar sa slikom na Instagramu sa najvi\u0161e lajkova dobija vrednu robnu nagradu na\u0161eg sponzora! ***<br \/>\n<\/strong><\/p>\n<p>Potrebno je da pre ili nakon trke (nije preporu\u010dljivo za vreme trke \ud83d\ude42 , a mo\u017ee i kod ku\u0107e, nije bitno da je na stazi) napravite zanimljivu fotografiju gde se vidite sa va\u0161im <strong>takmi\u010darskim brojem<\/strong> (mo\u017ee biti zaka\u010den ili ne) i proizvodom kompanije <strong>ANA \u0106IRKOVI\u0106<\/strong>. Obavezno stavite da svi mogu da pogledaju sliku i he\u0161tagove <strong>#ANACIRKOVIC, #BELJANICATRAIL i #AVANTURATEZOVE<\/strong>. Takmi\u010denje traje do 07.09 do 12:oo \u010dasova!<strong><br \/>\n<\/strong><\/p>\n<\/div>\n<\/div>\n<\/div>\n<\/div>\n<\/div>\n<\/div>\n","protected":false},"excerpt":{"rendered":"<p>SPONZORI I PRIJATELJI: Restoran Izvor Lisine Zebra Technologies Boban \u0161tamparija Vo\u0107kica Kragujevac Sportska organizacija Despotovac Dobra ovsena ka\u0161a i granola Ana \u0106irkovi\u0107 \u0106uprija Crveni krst Srbije, Svilajnac Sekira u medu Jevti\u0107 \u2013 Lukovica Teretana Splinter, Svilajnac Zlatko Jovanovi\u0107 JP Resavska pe\u0107ina Eco farma Milanovi\u0107 Cherokee Cycling Club Licider M Despotovac Prirodnja\u010dki centar Svilajnac PRIJATELJI TRKE [&hellip;]<\/p>\n","protected":false},"author":1,"featured_media":0,"parent":0,"menu_order":0,"comment_status":"closed","ping_status":"closed","template":"","meta":{"_lmt_disableupdate":"","_lmt_disable":"","footnotes":""},"class_list":["post-1702","page","type-page","status-publish","hentry","post"],"_links":{"self":[{"href":"https:\/\/beljanicatrail.org\/index.php?rest_route=\/wp\/v2\/pages\/1702","targetHints":{"allow":["GET"]}}],"collection":[{"href":"https:\/\/beljanicatrail.org\/index.php?rest_route=\/wp\/v2\/pages"}],"about":[{"href":"https:\/\/beljanicatrail.org\/index.php?rest_route=\/wp\/v2\/types\/page"}],"author":[{"embeddable":true,"href":"https:\/\/beljanicatrail.org\/index.php?rest_route=\/wp\/v2\/users\/1"}],"replies":[{"embeddable":true,"href":"https:\/\/beljanicatrail.org\/index.php?rest_route=%2Fwp%2Fv2%2Fcomments&post=1702"}],"version-history":[{"count":3,"href":"https:\/\/beljanicatrail.org\/index.php?rest_route=\/wp\/v2\/pages\/1702\/revisions"}],"predecessor-version":[{"id":1717,"href":"https:\/\/beljanicatrail.org\/index.php?rest_route=\/wp\/v2\/pages\/1702\/revisions\/1717"}],"wp:attachment":[{"href":"https:\/\/beljanicatrail.org\/index.php?rest_route=%2Fwp%2Fv2%2Fmedia&parent=1702"}],"curies":[{"name":"wp","href":"https:\/\/api.w.org\/{rel}","templated":true}]}}