{"id":1840,"date":"2023-08-05T10:51:21","date_gmt":"2023-08-05T08:51:21","guid":{"rendered":"https:\/\/beljanicatrail.org\/?page_id=1840"},"modified":"2023-08-17T17:05:23","modified_gmt":"2023-08-17T15:05:23","slug":"program-manifestacije-2023","status":"publish","type":"page","link":"https:\/\/beljanicatrail.org\/?page_id=1840","title":{"rendered":"Program manifestacije 2023"},"content":{"rendered":"<div id=\"pl-1840\"  class=\"panel-layout\" ><div id=\"pg-1840-0\"  class=\"panel-grid panel-no-style\" ><div id=\"pgc-1840-0-0\"  class=\"panel-grid-cell\" ><div id=\"panel-1840-0-0-0\" class=\"so-panel widget widget_sow-image panel-first-child\" data-index=\"0\" ><div\n\t\t\t\n\t\t\tclass=\"so-widget-sow-image so-widget-sow-image-default-8b5b6f678277-1840\"\n\t\t\t\n\t\t>\n\n<div class=\"sow-image-container\">\n\t\t<img loading=\"lazy\" decoding=\"async\" src=\"https:\/\/beljanicatrail.org\/wp-content\/uploads\/2022\/05\/program-1.jpg\" width=\"1200\" height=\"200\" srcset=\"https:\/\/beljanicatrail.org\/wp-content\/uploads\/2022\/05\/program-1.jpg 1200w, https:\/\/beljanicatrail.org\/wp-content\/uploads\/2022\/05\/program-1-300x50.jpg 300w, https:\/\/beljanicatrail.org\/wp-content\/uploads\/2022\/05\/program-1-1024x171.jpg 1024w, https:\/\/beljanicatrail.org\/wp-content\/uploads\/2022\/05\/program-1-768x128.jpg 768w\" sizes=\"auto, (max-width: 1200px) 100vw, 1200px\" title=\"program\" alt=\"\" \t\tclass=\"so-widget-image\"\/>\n\t<\/div>\n\n<\/div><\/div><div id=\"panel-1840-0-0-1\" class=\"so-panel widget widget_text panel-last-child\" data-index=\"1\" >\t\t\t<div class=\"textwidget\"><p><strong>Subota, 02.09. &#8211; Restoran IZVOR Lisine<\/strong><\/p>\n<ul>\n<li>12:00 \u2013 21:00 Preuzimanje startnih paketa u takmi\u010darskom centru<\/li>\n<li>10:00 \u2013 19:00 Preporu\u010deno vreme za obilazak nacionalnog parka<\/li>\n<li>19:00 \u2013 20:30 Tehni\u010dke konsultacije sa organizatorima (po \u017eelji)<\/li>\n<\/ul>\n<p><strong>Nedelja, 03.09. &#8211; Restoran IZVOR Lisine<\/strong><\/p>\n<ul>\n<li>8:30 Otvaranje takmi\u010darskog centra<\/li>\n<li>8:30 \u2013 9:30 Preuzimanje startnih paketa u takmi\u010darskom centru<\/li>\n<li>9:45 Otvaranje trka<\/li>\n<li>9:50 Instrukcije za Crvenu trku i zagrevanje<\/li>\n<li>10:00 Start Crvene trke<\/li>\n<li>10:20 Instrukcije za Zelenu trku<\/li>\n<li>10:30 Start Zelene trke<\/li>\n<li>16:30 Kraj obe trke (vremenski limit)<\/li>\n<li>16:35 Progla\u0161enje pobednika i dodela nagrada<\/li>\n<li>17:00 Kraj manifestacije<\/li>\n<\/ul>\n<p>Restoran za ru\u010dak \u0107e biti otvoren od 13:00h do 16:30h<\/p>\n<p><strong>Takmi\u010darski centar:<\/strong> restoran IZVOR Lisine, Lisine, Beljanica<\/p>\n<p><strong>GPS:<\/strong> 44,101356 \u2013 21,640302<\/p>\n<p><strong>Google Plus Code:<\/strong> 4J2R+Q6 Stenjevac<\/p>\n<\/div>\n\t\t<\/div><\/div><\/div><\/div>","protected":false},"excerpt":{"rendered":"<p>Subota, 02.09. &#8211; Restoran IZVOR Lisine 12:00 \u2013 21:00 Preuzimanje startnih paketa u takmi\u010darskom centru 10:00 \u2013 19:00 Preporu\u010deno vreme za obilazak nacionalnog parka 19:00 \u2013 20:30 Tehni\u010dke konsultacije sa organizatorima (po \u017eelji) Nedelja, 03.09. &#8211; Restoran IZVOR Lisine 8:30 Otvaranje takmi\u010darskog centra 8:30 \u2013 9:30 Preuzimanje startnih paketa u takmi\u010darskom centru 9:45 Otvaranje trka [&hellip;]<\/p>\n","protected":false},"author":1,"featured_media":0,"parent":0,"menu_order":0,"comment_status":"closed","ping_status":"closed","template":"","meta":{"_lmt_disableupdate":"no","_lmt_disable":"no","footnotes":""},"class_list":["post-1840","page","type-page","status-publish","hentry","post"],"_links":{"self":[{"href":"https:\/\/beljanicatrail.org\/index.php?rest_route=\/wp\/v2\/pages\/1840","targetHints":{"allow":["GET"]}}],"collection":[{"href":"https:\/\/beljanicatrail.org\/index.php?rest_route=\/wp\/v2\/pages"}],"about":[{"href":"https:\/\/beljanicatrail.org\/index.php?rest_route=\/wp\/v2\/types\/page"}],"author":[{"embeddable":true,"href":"https:\/\/beljanicatrail.org\/index.php?rest_route=\/wp\/v2\/users\/1"}],"replies":[{"embeddable":true,"href":"https:\/\/beljanicatrail.org\/index.php?rest_route=%2Fwp%2Fv2%2Fcomments&post=1840"}],"version-history":[{"count":4,"href":"https:\/\/beljanicatrail.org\/index.php?rest_route=\/wp\/v2\/pages\/1840\/revisions"}],"predecessor-version":[{"id":1925,"href":"https:\/\/beljanicatrail.org\/index.php?rest_route=\/wp\/v2\/pages\/1840\/revisions\/1925"}],"wp:attachment":[{"href":"https:\/\/beljanicatrail.org\/index.php?rest_route=%2Fwp%2Fv2%2Fmedia&parent=1840"}],"curies":[{"name":"wp","href":"https:\/\/api.w.org\/{rel}","templated":true}]}}