{"id":187,"date":"2022-05-02T16:12:58","date_gmt":"2022-05-02T14:12:58","guid":{"rendered":"https:\/\/beljanicatrail.org\/?page_id=187"},"modified":"2024-10-05T11:56:58","modified_gmt":"2024-10-05T09:56:58","slug":"prijava","status":"publish","type":"page","link":"https:\/\/beljanicatrail.org\/?page_id=187","title":{"rendered":"Prijava"},"content":{"rendered":"<div id=\"pl-gb187-6a045d079189f\"  class=\"panel-layout wp-block-siteorigin-panels-layout-block\" ><div id=\"pg-gb187-6a045d079189f-0\"  class=\"panel-grid panel-no-style\" ><div id=\"pgc-gb187-6a045d079189f-0-0\"  class=\"panel-grid-cell\" ><\/div><\/div><\/div>\n\n\n<figure class=\"wp-block-image size-full is-style-default\"><img loading=\"lazy\" decoding=\"async\" width=\"1200\" height=\"200\" src=\"https:\/\/beljanicatrail.org\/wp-content\/uploads\/2022\/05\/prijava-head_1200-1.jpg\" alt=\"\" class=\"wp-image-374\" srcset=\"https:\/\/beljanicatrail.org\/wp-content\/uploads\/2022\/05\/prijava-head_1200-1.jpg 1200w, https:\/\/beljanicatrail.org\/wp-content\/uploads\/2022\/05\/prijava-head_1200-1-300x50.jpg 300w, https:\/\/beljanicatrail.org\/wp-content\/uploads\/2022\/05\/prijava-head_1200-1-1024x171.jpg 1024w, https:\/\/beljanicatrail.org\/wp-content\/uploads\/2022\/05\/prijava-head_1200-1-768x128.jpg 768w\" sizes=\"auto, (max-width: 1200px) 100vw, 1200px\" \/><\/figure>\n\n\n\n<div class=\"wp-block-columns is-layout-flex wp-container-core-columns-is-layout-9d6595d7 wp-block-columns-is-layout-flex\">\n<div class=\"wp-block-column is-layout-flow wp-block-column-is-layout-flow\"><div id=\"pl-gb187-6a045d0794208\"  class=\"panel-layout wp-block-siteorigin-panels-layout-block\" ><div id=\"pg-gb187-6a045d0794208-0\"  class=\"panel-grid panel-has-style\" ><div class=\"panel-row-style panel-row-style-for-gb187-6a045d0794208-0\" ><div id=\"pgc-gb187-6a045d0794208-0-0\"  class=\"panel-grid-cell\" ><div class=\"panel-cell-style panel-cell-style-for-gb187-6a045d0794208-0-0\" >          <div id=\"panel-gb187-6a045d0794208-0-0-0\" class=\"so-panel widget widget_shailan-countdown-widget shailan_CountdownWidget panel-first-child panel-last-child\" data-index=\"0\" ><div class=\"panel-widget-style panel-widget-style-for-gb187-6a045d0794208-0-0-0\" >          \n        <div id=\"shailan-countdown-1_1\" class=\"shailan-countdown-1 countdown\" ><\/div>\n\n        \n<script>\n(function($){\n  $(document).ready(function($) {\n    var event_month = 8 - 1; \n    $('#shailan-countdown-1_1').countdown({\n      until: new Date(2024, event_month, 19, 23, 59, 59, 0),\n      description: 'Prijave su zatvorene',\n      format: 'dHMS',\n      timezone: '+2'    }); \n  }); \n})(jQuery);\n<\/script>\n          <\/div><\/div>      <\/div><\/div><div id=\"pgc-gb187-6a045d0794208-0-1\"  class=\"panel-grid-cell\" ><div id=\"panel-gb187-6a045d0794208-0-1-0\" class=\"so-panel widget widget_sow-button panel-first-child panel-last-child\" data-index=\"1\" ><div\n\t\t\t\n\t\t\tclass=\"so-widget-sow-button so-widget-sow-button-flat-ceb795a5a1b1-187\"\n\t\t\t\n\t\t><div class=\"ow-button-base ow-button-align-center\">\n\t\t\t<a\n\t\t\t\t\thref=\"https:\/\/runtrace.net\/races\/files\/pdf\/beljanica2024%20(2024)_SRP.pdf\"\n\t\t\t\t\tclass=\"sowb-button ow-icon-placement-top ow-button-hover\" \t>\n\t\t<span>\n\t\t\t\n\t\t\tREZULTATI\t\t<\/span>\n\t\t\t<\/a>\n\t<\/div>\n<\/div><\/div><\/div><\/div><\/div><\/div><\/div>\n<\/div>\n\n\n\n<p><strong>Prijave za trku su otvorene a evo instrukcija za uplatu:<\/strong><\/p>\n\n\n\n<ul class=\"wp-block-list\">\n<li>Primalac: Eco Trails<\/li>\n\n\n\n<li>Adresa: Dragana Joksimovi\u0107a Belog 28, Svilajnac<\/li>\n\n\n\n<li>Svrha uplate: kotizacija za trku Beljanica Trail 2023<\/li>\n\n\n\n<li>Iznos: u zavisnosti od perioda, pogledaj ni\u017ee cene<\/li>\n\n\n\n<li>Broj ra\u010duna: 150-25009061-30 <strong>(NOVI RA\u010cUN!!!)<\/strong><\/li>\n\n\n\n<li>Model uplate: ostavite prazno<\/li>\n\n\n\n<li>Poziv na broj: broj telefona koji je upisan prilikom registracije<\/li>\n<\/ul>\n\n\n\n<h5 class=\"wp-block-heading\">Cene kotizacija su:<\/h5>\n\n\n\n<div class=\"wp-block-group is-vertical is-layout-flex wp-container-core-group-is-layout-8cf370e7 wp-block-group-is-layout-flex\">\n<div class=\"wp-block-group\"><div class=\"wp-block-group__inner-container is-layout-flow wp-block-group-is-layout-flow\">\n<div class=\"wp-block-group has-background\" style=\"background-color:#7bdbb54d\"><div class=\"wp-block-group__inner-container is-layout-flow wp-block-group-is-layout-flow\">\n<p><strong>Za CRVENU trku (19,8km)<\/strong><\/p>\n\n\n\n<h5 class=\"wp-block-heading\">&#8211; <mark style=\"background-color:rgba(0, 0, 0, 0)\" class=\"has-inline-color has-vivid-green-cyan-color\">3900 RSD<\/mark> &#8211; za &#8220;standardne&#8221; uplate do 10.08.2024.<\/h5>\n\n\n\n<h5 class=\"wp-block-heading\">&#8211; <mark style=\"background-color:rgba(0, 0, 0, 0)\" class=\"has-inline-color has-vivid-red-color\">4400 RSD<\/mark> &#8211; za &#8220;kasne&#8221; uplate od 11.08 do 19.08.2024. (za kasne uplate paket nije garantovan)<\/h5>\n<\/div><\/div>\n\n\n\n<div class=\"wp-block-group has-background\" style=\"background-color:#7bdbb54d\"><div class=\"wp-block-group__inner-container is-layout-flow wp-block-group-is-layout-flow\">\n<div class=\"wp-block-columns is-layout-flex wp-container-core-columns-is-layout-9d6595d7 wp-block-columns-is-layout-flex\">\n<div class=\"wp-block-column is-layout-flow wp-block-column-is-layout-flow\" style=\"flex-basis:60%\">\n<h5 class=\"wp-block-heading\">* <mark style=\"background-color:rgba(0, 0, 0, 0)\" class=\"has-inline-color has-vivid-purple-color\">35 EUR<\/mark> za uplate iz inostranstva do 10.08.2024.<\/h5>\n<\/div>\n\n\n\n<div class=\"wp-block-column is-layout-flow wp-block-column-is-layout-flow\" style=\"flex-basis:40%\"><div class='wpecpp-container wpecpp-align-center'><form class='wpecpp-form' target='_blank' id=r56e0d2f684e002fc0e8c3cec786e76f3 action='https:\/\/www.paypal.com\/cgi-bin\/webscr' method='post'><input type='hidden' name='cmd' value='_xclick' \/><input type='hidden' name='business' value='YKGNWB5ALYZLU' \/><input type='hidden' name='currency_code' value='EUR' \/><input type='hidden' name='lc' value='en_US'><input type='hidden' name='no_note' value=''><input type='hidden' name='paymentaction' value='sale'><input type='hidden' name='return' value='' \/><input type='hidden' name='bn' value='WPPlugin_SP'><input type='hidden' name='cancel_return' value='' \/><input style='border: none;' class='paypalbuttonimage' type='image' src='https:\/\/www.paypalobjects.com\/webstatic\/en_US\/i\/buttons\/buy-logo-medium.png' border='0' name='submit' alt='Make your payments with PayPal. It is free, secure, effective.' \/><img alt='' border='0' style='border:none;display:none;' src='https:\/\/www.paypal.com\/en_US\/i\/scr\/pixel.gif' width='1' height='1' \/><input type='hidden' name='item_name' value='Startnina' \/><input type='hidden' name='amount' value='35' \/><\/form><\/div>\n<\/div>\n<\/div>\n\n\n\n<div class=\"wp-block-columns is-layout-flex wp-container-core-columns-is-layout-9d6595d7 wp-block-columns-is-layout-flex\">\n<div class=\"wp-block-column is-layout-flow wp-block-column-is-layout-flow\" style=\"flex-basis:60%\">\n<h5 class=\"wp-block-heading\">* <mark style=\"background-color:rgba(0, 0, 0, 0)\" class=\"has-inline-color has-vivid-red-color\">45 EUR <\/mark>za uplate iz inostranstva od 11.08. do 19.08.2024. (za kasne uplate paket nije garantovan)<\/h5>\n<\/div>\n\n\n\n<div class=\"wp-block-column is-layout-flow wp-block-column-is-layout-flow\" style=\"flex-basis:40%\"><div class='wpecpp-container wpecpp-align-center'><form class='wpecpp-form' target='_blank' id=rb9d5bd575e25d00ba351462aeb06a050 action='https:\/\/www.paypal.com\/cgi-bin\/webscr' method='post'><input type='hidden' name='cmd' value='_xclick' \/><input type='hidden' name='business' value='YKGNWB5ALYZLU' \/><input type='hidden' name='currency_code' value='EUR' \/><input type='hidden' name='lc' value='en_US'><input type='hidden' name='no_note' value=''><input type='hidden' name='paymentaction' value='sale'><input type='hidden' name='return' value='' \/><input type='hidden' name='bn' value='WPPlugin_SP'><input type='hidden' name='cancel_return' value='' \/><input style='border: none;' class='paypalbuttonimage' type='image' src='https:\/\/www.paypalobjects.com\/webstatic\/en_US\/i\/buttons\/buy-logo-medium.png' border='0' name='submit' alt='Make your payments with PayPal. It is free, secure, effective.' \/><img alt='' border='0' style='border:none;display:none;' src='https:\/\/www.paypal.com\/en_US\/i\/scr\/pixel.gif' width='1' height='1' \/><input type='hidden' name='item_name' value='Startnina' \/><input type='hidden' name='amount' value='45' \/><\/form><\/div>\n<\/div>\n<\/div>\n<\/div><\/div>\n<\/div><\/div>\n<\/div>\n\n\n\n<div class=\"wp-block-group\"><div class=\"wp-block-group__inner-container is-layout-constrained wp-block-group-is-layout-constrained\">\n<div class=\"wp-block-group has-background\" style=\"background-color:#7bdbb54d\"><div class=\"wp-block-group__inner-container is-layout-flow wp-block-group-is-layout-flow\">\n<p><strong>Za ZELENU trku (9,8km)<\/strong><\/p>\n\n\n\n<h5 class=\"wp-block-heading\">&#8211; <mark style=\"background-color:rgba(0, 0, 0, 0)\" class=\"has-inline-color has-vivid-green-cyan-color\">3200 RSD<\/mark> &#8211; za &#8220;standardne&#8221; uplate do 10.08.2024.<\/h5>\n\n\n\n<h5 class=\"wp-block-heading\">&#8211; <mark style=\"background-color:rgba(0, 0, 0, 0)\" class=\"has-inline-color has-vivid-red-color\">3700 RSD<\/mark> &#8211; za &#8220;kasne&#8221; uplate od 11.08 do 19.08.2024. (za kasne uplate paket nije garantovan)<\/h5>\n<\/div><\/div>\n\n\n\n<div class=\"wp-block-group has-background\" style=\"background-color:#7bdbb54d\"><div class=\"wp-block-group__inner-container is-layout-flow wp-block-group-is-layout-flow\">\n<div class=\"wp-block-columns is-layout-flex wp-container-core-columns-is-layout-9d6595d7 wp-block-columns-is-layout-flex\">\n<div class=\"wp-block-column is-layout-flow wp-block-column-is-layout-flow\" style=\"flex-basis:60%\">\n<h5 class=\"wp-block-heading\">* <mark style=\"background-color:rgba(0, 0, 0, 0)\" class=\"has-inline-color has-vivid-purple-color\">25 EUR<\/mark> za uplate iz inostranstva do 10.08.2024.<\/h5>\n<\/div>\n\n\n\n<div class=\"wp-block-column is-layout-flow wp-block-column-is-layout-flow\" style=\"flex-basis:40%\"><div class='wpecpp-container wpecpp-align-center'><form class='wpecpp-form' target='_blank' id=r1d457eecac7a27c3c03a3e1154857f46 action='https:\/\/www.paypal.com\/cgi-bin\/webscr' method='post'><input type='hidden' name='cmd' value='_xclick' \/><input type='hidden' name='business' value='YKGNWB5ALYZLU' \/><input type='hidden' name='currency_code' value='EUR' \/><input type='hidden' name='lc' value='en_US'><input type='hidden' name='no_note' value=''><input type='hidden' name='paymentaction' value='sale'><input type='hidden' name='return' value='' \/><input type='hidden' name='bn' value='WPPlugin_SP'><input type='hidden' name='cancel_return' value='' \/><input style='border: none;' class='paypalbuttonimage' type='image' src='https:\/\/www.paypalobjects.com\/webstatic\/en_US\/i\/buttons\/buy-logo-medium.png' border='0' name='submit' alt='Make your payments with PayPal. It is free, secure, effective.' \/><img alt='' border='0' style='border:none;display:none;' src='https:\/\/www.paypal.com\/en_US\/i\/scr\/pixel.gif' width='1' height='1' \/><input type='hidden' name='item_name' value='Startnina' \/><input type='hidden' name='amount' value='25' \/><\/form><\/div>\n<\/div>\n<\/div>\n\n\n\n<div class=\"wp-block-columns is-layout-flex wp-container-core-columns-is-layout-9d6595d7 wp-block-columns-is-layout-flex\">\n<div class=\"wp-block-column is-layout-flow wp-block-column-is-layout-flow\" style=\"flex-basis:60%\">\n<h5 class=\"wp-block-heading\">* <mark style=\"background-color:rgba(0, 0, 0, 0)\" class=\"has-inline-color has-vivid-red-color\">30 EUR <\/mark>za uplate iz inostranstva od 11.08. do 19.08.2024. (za kasne uplate paket nije garantovan)<\/h5>\n<\/div>\n\n\n\n<div class=\"wp-block-column is-layout-flow wp-block-column-is-layout-flow\" style=\"flex-basis:40%\"><div class='wpecpp-container wpecpp-align-center'><form class='wpecpp-form' target='_blank' id=ra57ad1c898628f7a5b851ad778af91b5 action='https:\/\/www.paypal.com\/cgi-bin\/webscr' method='post'><input type='hidden' name='cmd' value='_xclick' \/><input type='hidden' name='business' value='YKGNWB5ALYZLU' \/><input type='hidden' name='currency_code' value='EUR' \/><input type='hidden' name='lc' value='en_US'><input type='hidden' name='no_note' value=''><input type='hidden' name='paymentaction' value='sale'><input type='hidden' name='return' value='' \/><input type='hidden' name='bn' value='WPPlugin_SP'><input type='hidden' name='cancel_return' value='' \/><input style='border: none;' class='paypalbuttonimage' type='image' src='https:\/\/www.paypalobjects.com\/webstatic\/en_US\/i\/buttons\/buy-logo-medium.png' border='0' name='submit' alt='Make your payments with PayPal. It is free, secure, effective.' \/><img alt='' border='0' style='border:none;display:none;' src='https:\/\/www.paypal.com\/en_US\/i\/scr\/pixel.gif' width='1' height='1' \/><input type='hidden' name='item_name' value='Startnina' \/><input type='hidden' name='amount' value='30' \/><\/form><\/div>\n<\/div>\n<\/div>\n<\/div><\/div>\n<\/div><\/div>\n\n\n\n<div class=\"wp-block-group\"><div class=\"wp-block-group__inner-container is-layout-constrained wp-block-group-is-layout-constrained\">\n<div class=\"wp-block-group has-background\" style=\"background-color:#7bdbb54d\"><div class=\"wp-block-group__inner-container is-layout-flow wp-block-group-is-layout-flow\">\n<p><strong>Za PLAVU trku (9,8km)<\/strong><\/p>\n\n\n\n<h5 class=\"wp-block-heading\">&#8211; <mark style=\"background-color:rgba(0, 0, 0, 0)\" class=\"has-inline-color has-vivid-green-cyan-color\">2900 RSD<\/mark> &#8211; za &#8220;standardne&#8221; uplate do 10.08.2024.<\/h5>\n\n\n\n<h5 class=\"wp-block-heading\">&#8211; <mark style=\"background-color:rgba(0, 0, 0, 0)\" class=\"has-inline-color has-vivid-red-color\">3200 RSD<\/mark> &#8211; za &#8220;kasne&#8221; uplate od 11.08 do 19.08.2024. (za kasne uplate paket nije garantovan)<\/h5>\n<\/div><\/div>\n\n\n\n<div class=\"wp-block-group has-background\" style=\"background-color:#7bdbb54d\"><div class=\"wp-block-group__inner-container is-layout-flow wp-block-group-is-layout-flow\">\n<div class=\"wp-block-columns is-layout-flex wp-container-core-columns-is-layout-9d6595d7 wp-block-columns-is-layout-flex\">\n<div class=\"wp-block-column is-layout-flow wp-block-column-is-layout-flow\" style=\"flex-basis:60%\">\n<h5 class=\"wp-block-heading\">* <mark style=\"background-color:rgba(0, 0, 0, 0)\" class=\"has-inline-color has-vivid-purple-color\">25 EUR<\/mark> za uplate iz inostranstva do 10.08.2024.<\/h5>\n<\/div>\n\n\n\n<div class=\"wp-block-column is-layout-flow wp-block-column-is-layout-flow\" style=\"flex-basis:40%\"><div class='wpecpp-container wpecpp-align-center'><form class='wpecpp-form' target='_blank' id=r5e8679d3597889e6728d056a23786aca action='https:\/\/www.paypal.com\/cgi-bin\/webscr' method='post'><input type='hidden' name='cmd' value='_xclick' \/><input type='hidden' name='business' value='YKGNWB5ALYZLU' \/><input type='hidden' name='currency_code' value='EUR' \/><input type='hidden' name='lc' value='en_US'><input type='hidden' name='no_note' value=''><input type='hidden' name='paymentaction' value='sale'><input type='hidden' name='return' value='' \/><input type='hidden' name='bn' value='WPPlugin_SP'><input type='hidden' name='cancel_return' value='' \/><input style='border: none;' class='paypalbuttonimage' type='image' src='https:\/\/www.paypalobjects.com\/webstatic\/en_US\/i\/buttons\/buy-logo-medium.png' border='0' name='submit' alt='Make your payments with PayPal. It is free, secure, effective.' \/><img alt='' border='0' style='border:none;display:none;' src='https:\/\/www.paypal.com\/en_US\/i\/scr\/pixel.gif' width='1' height='1' \/><input type='hidden' name='item_name' value='Startnina' \/><input type='hidden' name='amount' value='25' \/><\/form><\/div>\n<\/div>\n<\/div>\n\n\n\n<div class=\"wp-block-columns is-layout-flex wp-container-core-columns-is-layout-9d6595d7 wp-block-columns-is-layout-flex\">\n<div class=\"wp-block-column is-layout-flow wp-block-column-is-layout-flow\" style=\"flex-basis:60%\">\n<h5 class=\"wp-block-heading\">* <mark style=\"background-color:rgba(0, 0, 0, 0)\" class=\"has-inline-color has-vivid-red-color\">30 EUR <\/mark>za uplate iz inostranstva od 11.08. do 19.08.2024. (za kasne uplate paket nije garantovan)<\/h5>\n<\/div>\n\n\n\n<div class=\"wp-block-column is-layout-flow wp-block-column-is-layout-flow\" style=\"flex-basis:40%\"><div class='wpecpp-container wpecpp-align-center'><form class='wpecpp-form' target='_blank' id=re8ae4265bfc8e01dbbc01b0e60a43fd7 action='https:\/\/www.paypal.com\/cgi-bin\/webscr' method='post'><input type='hidden' name='cmd' value='_xclick' \/><input type='hidden' name='business' value='YKGNWB5ALYZLU' \/><input type='hidden' name='currency_code' value='EUR' \/><input type='hidden' name='lc' value='en_US'><input type='hidden' name='no_note' value=''><input type='hidden' name='paymentaction' value='sale'><input type='hidden' name='return' value='' \/><input type='hidden' name='bn' value='WPPlugin_SP'><input type='hidden' name='cancel_return' value='' \/><input style='border: none;' class='paypalbuttonimage' type='image' src='https:\/\/www.paypalobjects.com\/webstatic\/en_US\/i\/buttons\/buy-logo-medium.png' border='0' name='submit' alt='Make your payments with PayPal. It is free, secure, effective.' \/><img alt='' border='0' style='border:none;display:none;' src='https:\/\/www.paypal.com\/en_US\/i\/scr\/pixel.gif' width='1' height='1' \/><input type='hidden' name='item_name' value='Startnina' \/><input type='hidden' name='amount' value='30' \/><\/form><\/div>\n<\/div>\n<\/div>\n<\/div><\/div>\n<\/div><\/div>\n\n\n\n<h5 class=\"wp-block-heading\">* <strong>Za uplate iz inostranstva se javite organizatorima trke kroz kontakt formu -&gt; <a href=\"https:\/\/beljanicatrail.org\/?page_id=44\" data-type=\"URL\" data-id=\"https:\/\/beljanicatrail.org\/?page_id=44\">kontakt forma<\/a><\/strong> ili na telefon +381 63 41 88 48<\/h5>\n\n\n\n<p><strong>Va\u017eno!<\/strong> Za Sportska udru\u017eenja i klubove smo omogu\u0107ili timski popust od 15% za 8 i vi\u0161e u\u010desnika. Za strana udru\u017eenja i klubove smo omogu\u0107ili timski popust od 10% za 4 i vi\u0161e u\u010desnika i 15% za 8 i vi\u0161e u\u010desnika. Popust va\u017ei za Crvenu i Zelenu trku. Prilikom prijave parova obavezno unesite isto ime tima. Javite se obavezno organizatoru oko dogovora!<\/p>\n\n\n\n<div class=\"wp-block-group has-background\" style=\"background-color:#ff6a0052\"><div class=\"wp-block-group__inner-container is-layout-flow wp-block-group-is-layout-flow\">\n<h4 class=\"wp-block-heading\">Prijave posle 19.08.2024 ili na dan trke nisu mogu\u0107e!<\/h4>\n\n\n\n<h4 class=\"wp-block-heading\">Prijava se mo\u017ee izvr\u0161iti na stranici <a href=\"https:\/\/runtrace.net\" data-type=\"URL\" data-id=\"https:\/\/runtrace.net\" target=\"_blank\" rel=\"noreferrer noopener\">runtrace.net<\/a> ili direktnim klikom na link: <a href=\"https:\/\/runtrace.net\/?event=beljanica2024\" target=\"_blank\" rel=\"noreferrer noopener\">https:\/\/runtrace.net\/?event=beljanica2024<\/a><\/h4>\n<\/div><\/div>\n\n\n\n<h2 class=\"wp-block-heading\" id=\"trkacki-paket\">Trka\u010dki paket &#8211; Kotizacioni paket<\/h2>\n\n\n\n<p><strong>Startni paket za sve uplate do 10.08. garantovano sadr\u017ei (a\u017eurirano 8. juna):<\/strong><\/p>\n\n\n\n<ul class=\"wp-block-list\">\n<li>Startni broj sa \u010dipom za elektronsko merenje<\/li>\n\n\n\n<li>Fini\u0161erska medalja<\/li>\n\n\n\n<li>On-Line diploma<\/li>\n\n\n\n<li>Pokloni sponzora<\/li>\n\n\n\n<li>Zvani\u010dna majica trke &#8220;Beljanica Trail 2024&#8221;<\/li>\n\n\n\n<li><strong>Samo za fini\u0161ere Crvene i Zelene trke!<\/strong> &#8211; poklon na ulasku u cilj<\/li>\n<\/ul>\n\n\n\n<p>Zatim:<\/p>\n\n\n\n<ul class=\"wp-block-list\">\n<li>4 zona osve\u017eenja na stazi i jedna u cilju<\/li>\n\n\n\n<li>Ru\u010dak nakon trke (sa vegeterijanskom opcijom)<\/li>\n\n\n\n<li>Pivo i osve\u017eavaju\u0107a pi\u0107a<\/li>\n\n\n\n<li>Profesionalne slike fotografa<\/li>\n\n\n\n<li>OTIS podr\u0161ka na terenu tokom trajanja trke<\/li>\n\n\n\n<li>Medicinska i hitna pomo\u0107 na KT i u zoni starta\/cilja trke<\/li>\n\n\n\n<li>Profesionalno obezbe\u0111enje manifestacije<\/li>\n\n\n\n<li>Popusti u vidu vau\u010dera u startnom paketu<\/li>\n\n\n\n<li>Besplatan ulazak u Lisine (subota i nedelja)<\/li>\n\n\n\n<li>Popust prilikom obilaska Resavske pe\u0107ine<\/li>\n\n\n\n<li>Popust prilikom obilaska Prirodnja\u010dkog centra Svilajnac (50%)<\/li>\n<\/ul>\n\n\n\n<h2 class=\"wp-block-heading\" id=\"prijava_prevoz\"><strong>Autobuski prevoz na relaciji Beograd \u2013 Beljanica \u2013 Beograd<\/strong><\/h2>\n\n\n\n<ul class=\"wp-block-list\">\n<li>Obezbe\u0111en autobuski prevoz po ceni od 1550 dinara na dan trke.<\/li>\n\n\n\n<li>Broj mesta je ograni\u010den i funkcioni\u0161e po sistemu prijava preko mejla, Instagrama ili Facebooka.<\/li>\n\n\n\n<li>Prvo se prijavite pa sa\u010dekajte instrukcije za uplatu!!!<\/li>\n<\/ul>\n\n\n\n<p><\/p>\n","protected":false},"excerpt":{"rendered":"<p>Prijave za trku su otvorene a evo instrukcija za uplatu: Cene kotizacija su: Za CRVENU trku (19,8km) &#8211; 3900 RSD &#8211; za &#8220;standardne&#8221; uplate do 10.08.2024. &#8211; 4400 RSD &#8211; za &#8220;kasne&#8221; uplate od 11.08 do 19.08.2024. (za kasne uplate paket nije garantovan) * 35 EUR za uplate iz inostranstva do 10.08.2024. * 45 EUR [&hellip;]<\/p>\n","protected":false},"author":1,"featured_media":0,"parent":0,"menu_order":0,"comment_status":"closed","ping_status":"closed","template":"","meta":{"_lmt_disableupdate":"","_lmt_disable":"","footnotes":""},"class_list":["post-187","page","type-page","status-publish","hentry","post"],"_links":{"self":[{"href":"https:\/\/beljanicatrail.org\/index.php?rest_route=\/wp\/v2\/pages\/187","targetHints":{"allow":["GET"]}}],"collection":[{"href":"https:\/\/beljanicatrail.org\/index.php?rest_route=\/wp\/v2\/pages"}],"about":[{"href":"https:\/\/beljanicatrail.org\/index.php?rest_route=\/wp\/v2\/types\/page"}],"author":[{"embeddable":true,"href":"https:\/\/beljanicatrail.org\/index.php?rest_route=\/wp\/v2\/users\/1"}],"replies":[{"embeddable":true,"href":"https:\/\/beljanicatrail.org\/index.php?rest_route=%2Fwp%2Fv2%2Fcomments&post=187"}],"version-history":[{"count":90,"href":"https:\/\/beljanicatrail.org\/index.php?rest_route=\/wp\/v2\/pages\/187\/revisions"}],"predecessor-version":[{"id":2294,"href":"https:\/\/beljanicatrail.org\/index.php?rest_route=\/wp\/v2\/pages\/187\/revisions\/2294"}],"wp:attachment":[{"href":"https:\/\/beljanicatrail.org\/index.php?rest_route=%2Fwp%2Fv2%2Fmedia&parent=187"}],"curies":[{"name":"wp","href":"https:\/\/api.w.org\/{rel}","templated":true}]}}