{"id":2043,"date":"2024-06-08T12:20:14","date_gmt":"2024-06-08T10:20:14","guid":{"rendered":"https:\/\/beljanicatrail.org\/?page_id=2043"},"modified":"2024-06-08T12:23:54","modified_gmt":"2024-06-08T10:23:54","slug":"program-manifestacije-2024","status":"publish","type":"page","link":"https:\/\/beljanicatrail.org\/?page_id=2043","title":{"rendered":"Program manifestacije 2024"},"content":{"rendered":"<div id=\"pl-2043\"  class=\"panel-layout\" ><div id=\"pg-2043-0\"  class=\"panel-grid panel-no-style\" ><div id=\"pgc-2043-0-0\"  class=\"panel-grid-cell\" ><div id=\"panel-2043-0-0-0\" class=\"so-panel widget widget_sow-image panel-first-child\" data-index=\"0\" ><div\n\t\t\t\n\t\t\tclass=\"so-widget-sow-image so-widget-sow-image-default-8b5b6f678277-2043\"\n\t\t\t\n\t\t>\n\n<div class=\"sow-image-container\">\n\t\t<img loading=\"lazy\" decoding=\"async\" src=\"https:\/\/beljanicatrail.org\/wp-content\/uploads\/2024\/06\/banner-program.jpg\" width=\"1200\" height=\"200\" srcset=\"https:\/\/beljanicatrail.org\/wp-content\/uploads\/2024\/06\/banner-program.jpg 1200w, https:\/\/beljanicatrail.org\/wp-content\/uploads\/2024\/06\/banner-program-300x50.jpg 300w, https:\/\/beljanicatrail.org\/wp-content\/uploads\/2024\/06\/banner-program-1024x171.jpg 1024w, https:\/\/beljanicatrail.org\/wp-content\/uploads\/2024\/06\/banner-program-768x128.jpg 768w\" sizes=\"auto, (max-width: 1200px) 100vw, 1200px\" title=\"Beljanica EcoTrail 2023\" alt=\"\" \t\tclass=\"so-widget-image\"\/>\n\t<\/div>\n\n<\/div><\/div><div id=\"panel-2043-0-0-1\" class=\"so-panel widget widget_text panel-last-child\" data-index=\"1\" >\t\t\t<div class=\"textwidget\"><p><strong>Subota, 31.08. &#8211; Restoran IZVOR Lisine<\/strong><\/p>\n<ul>\n<li>12:00 \u2013 18:00 Preuzimanje startnih paketa u takmi\u010darskom centru<\/li>\n<li>10:00 \u2013 19:00 Preporu\u010deno vreme za obilazak nacionalnog parka<\/li>\n<li>16:00 \u2013 20:00 Preporu\u010deno vreme za postavljanje \u0161atora u kamping delu<\/li>\n<\/ul>\n<p><strong>Nedelja, 01.09. &#8211; Restoran IZVOR Lisine<\/strong><\/p>\n<ul>\n<li>8:30 Otvaranje takmi\u010darskog centra<\/li>\n<li>8:30 \u2013 9:30 Preuzimanje startnih paketa u takmi\u010darskom centru<\/li>\n<li>10:00 Otvaranje trke i instrukcije za trku<\/li>\n<li>10:15 Zagrevanje<\/li>\n<li>10:30 Start Crvene trke<\/li>\n<li>11:00 Start Zelene i Plave trke<\/li>\n<li>16:30 Kraj trke<\/li>\n<li>16:40 Progla\u0161enje pobednika i dodela nagrada<\/li>\n<li>17:00 Kraj manifestacije<\/li>\n<\/ul>\n<p>Ru\u010dak \u0107e biti slu\u017een u takmi\u010darskom centru, u periodu od 13:00h do 16:30h<\/p>\n<p><strong>Takmi\u010darski centar:<\/strong> restoran IZVOR Lisine, Lisine, Beljanica<\/p>\n<p><strong>GPS:<\/strong> 44,101356 \u2013 21,640302<\/p>\n<p><strong>Google Plus Code:<\/strong> 4J2R+Q6 Stenjevac<\/p>\n<\/div>\n\t\t<\/div><\/div><\/div><\/div>","protected":false},"excerpt":{"rendered":"<p>Subota, 31.08. &#8211; Restoran IZVOR Lisine 12:00 \u2013 18:00 Preuzimanje startnih paketa u takmi\u010darskom centru 10:00 \u2013 19:00 Preporu\u010deno vreme za obilazak nacionalnog parka 16:00 \u2013 20:00 Preporu\u010deno vreme za postavljanje \u0161atora u kamping delu Nedelja, 01.09. &#8211; Restoran IZVOR Lisine 8:30 Otvaranje takmi\u010darskog centra 8:30 \u2013 9:30 Preuzimanje startnih paketa u takmi\u010darskom centru 10:00 [&hellip;]<\/p>\n","protected":false},"author":1,"featured_media":0,"parent":0,"menu_order":0,"comment_status":"closed","ping_status":"closed","template":"","meta":{"_lmt_disableupdate":"no","_lmt_disable":"no","footnotes":""},"class_list":["post-2043","page","type-page","status-publish","hentry","post"],"_links":{"self":[{"href":"https:\/\/beljanicatrail.org\/index.php?rest_route=\/wp\/v2\/pages\/2043","targetHints":{"allow":["GET"]}}],"collection":[{"href":"https:\/\/beljanicatrail.org\/index.php?rest_route=\/wp\/v2\/pages"}],"about":[{"href":"https:\/\/beljanicatrail.org\/index.php?rest_route=\/wp\/v2\/types\/page"}],"author":[{"embeddable":true,"href":"https:\/\/beljanicatrail.org\/index.php?rest_route=\/wp\/v2\/users\/1"}],"replies":[{"embeddable":true,"href":"https:\/\/beljanicatrail.org\/index.php?rest_route=%2Fwp%2Fv2%2Fcomments&post=2043"}],"version-history":[{"count":4,"href":"https:\/\/beljanicatrail.org\/index.php?rest_route=\/wp\/v2\/pages\/2043\/revisions"}],"predecessor-version":[{"id":2048,"href":"https:\/\/beljanicatrail.org\/index.php?rest_route=\/wp\/v2\/pages\/2043\/revisions\/2048"}],"wp:attachment":[{"href":"https:\/\/beljanicatrail.org\/index.php?rest_route=%2Fwp%2Fv2%2Fmedia&parent=2043"}],"curies":[{"name":"wp","href":"https:\/\/api.w.org\/{rel}","templated":true}]}}