{"id":2084,"date":"2024-06-14T09:20:48","date_gmt":"2024-06-14T07:20:48","guid":{"rendered":"https:\/\/beljanicatrail.org\/?page_id=2084"},"modified":"2024-08-27T19:47:30","modified_gmt":"2024-08-27T17:47:30","slug":"2084-2","status":"publish","type":"page","link":"https:\/\/beljanicatrail.org\/?page_id=2084","title":{"rendered":"Sponzori i nagrade 2024"},"content":{"rendered":"<div id=\"pl-2084\"  class=\"panel-layout\" ><div id=\"pg-2084-0\"  class=\"panel-grid panel-no-style\" ><div id=\"pgc-2084-0-0\"  class=\"panel-grid-cell\" ><div id=\"panel-2084-0-0-0\" class=\"so-panel widget widget_sow-image panel-first-child panel-last-child\" data-index=\"0\" ><div\n\t\t\t\n\t\t\tclass=\"so-widget-sow-image so-widget-sow-image-default-8b5b6f678277-2084\"\n\t\t\t\n\t\t>\n\n<div class=\"sow-image-container\">\n\t\t<img loading=\"lazy\" decoding=\"async\" src=\"https:\/\/beljanicatrail.org\/wp-content\/uploads\/2024\/06\/nagrade-banner.jpg\" width=\"1200\" height=\"200\" srcset=\"https:\/\/beljanicatrail.org\/wp-content\/uploads\/2024\/06\/nagrade-banner.jpg 1200w, https:\/\/beljanicatrail.org\/wp-content\/uploads\/2024\/06\/nagrade-banner-300x50.jpg 300w, https:\/\/beljanicatrail.org\/wp-content\/uploads\/2024\/06\/nagrade-banner-1024x171.jpg 1024w, https:\/\/beljanicatrail.org\/wp-content\/uploads\/2024\/06\/nagrade-banner-768x128.jpg 768w\" sizes=\"auto, (max-width: 1200px) 100vw, 1200px\" title=\"Beljanica EcoTrail 2023\" alt=\"\" \t\tclass=\"so-widget-image\"\/>\n\t<\/div>\n\n<\/div><\/div><\/div><\/div><div id=\"pg-2084-1\"  class=\"panel-grid panel-no-style\" ><div id=\"pgc-2084-1-0\"  class=\"panel-grid-cell\" ><div id=\"panel-2084-1-0-0\" class=\"so-panel widget widget_text panel-first-child panel-last-child\" data-index=\"1\" >\t\t\t<div class=\"textwidget\"><p><a href=\"https:\/\/www.facebook.com\/planinarskodrustvo.beljanicasvilajnac\/\" target=\"_blank\" rel=\"noopener\"><strong>Kafana IZVOR Lisine<\/strong><\/a><\/p>\n<p><a href=\"https:\/\/www.svilajnac.rs\/\"><strong>Op\u0161tina Svilajnac<\/strong><\/a><\/p>\n<p><a href=\"https:\/\/www.lomax-company.com\/brendovi\"><strong>Lomax Company<\/strong><\/a><\/p>\n<p><a href=\"https:\/\/www.info-kod-resenja.rs\/rs\" target=\"_blank\" rel=\"noopener\"><strong>Info-Kod Re\u0161enja<\/strong><\/a><\/p>\n<p><a href=\"https:\/\/www.coca-cola.com\/rs\/sr\/brands\/rosa-homolje\"><strong>ROSA Homolje<\/strong><\/a><\/p>\n<p><a href=\"https:\/\/www.dvalica.rs\/\"><strong>2 lica<\/strong><\/a><\/p>\n<p><a href=\"http:\/\/stamparijaboban.com\" target=\"_blank\" rel=\"noopener\"><strong>Boban \u0161tamparija<\/strong><\/a><\/p>\n<p><a href=\"http:\/\/www.villager.rs\"><strong>Villager Srbija<\/strong><\/a><\/p>\n<p><a href=\"https:\/\/www.instagram.com\/sokovi_soci\/\"><strong>Soci sokovi<\/strong><\/a><\/p>\n<\/div>\n\t\t<\/div><\/div><div id=\"pgc-2084-1-1\"  class=\"panel-grid-cell\" ><div id=\"panel-2084-1-1-0\" class=\"so-panel widget widget_text panel-first-child panel-last-child\" data-index=\"2\" >\t\t\t<div class=\"textwidget\"><p><a href=\"http:\/\/resavskapecina.rs\/site\/\" target=\"_blank\" rel=\"noopener\"><strong>JP Resavska pe\u0107ina<\/strong><\/a><\/p>\n<p><a href=\"https:\/\/prirodnjackicentar.rs\/\"><strong>Prirodnja\u010dki centar Svilajnac<\/strong><\/a><\/p>\n<p><strong>Crveni krst Srbije, Svilajnac<\/strong><\/p>\n<p><a href=\"https:\/\/www.instagram.com\/tubergume\/\"><strong>TubeR<\/strong><\/a><\/p>\n<p><strong>Sekira u medu Jevti\u0107 &#8211; Lukovica<\/strong><\/p>\n<p><strong>Zlatko Jovanovi\u0107<\/strong><\/p>\n<p><a href=\"https:\/\/www.facebook.com\/p\/Medikus-PLUS-61554944456981\/?locale=sr_RS\"><strong>Medikus Plus<\/strong><\/a><\/p>\n<p><a href=\"https:\/\/www.facebook.com\/sportskaorganizacijade\/\" target=\"_blank\" rel=\"noopener\"><strong>Sportska organizacija Despotovac<\/strong><\/a><\/p>\n<p><a href=\"https:\/\/beljanicatrail.org\/wp-content\/uploads\/2024\/07\/sponsors-tarinavocnadolina-300x206.png\"><strong>Tarina vo\u0107na dolina<\/strong><\/a><\/p>\n<\/div>\n\t\t<\/div><\/div><div id=\"pgc-2084-1-2\"  class=\"panel-grid-cell\" ><div id=\"panel-2084-1-2-0\" class=\"so-panel widget widget_text panel-first-child panel-last-child\" data-index=\"3\" >\t\t\t<div class=\"textwidget\"><p><strong><a href=\"https:\/\/www.instagram.com\/boombox.rs\/\">Boom Box<\/a><\/strong><\/p>\n<p><a href=\"https:\/\/ecomilanovic.com\/\"><strong>Eco farma Milanovi\u0107<\/strong><\/a><\/p>\n<p><a href=\"https:\/\/www.facebook.com\/CherokeeCyclingClub\/\" target=\"_blank\" rel=\"noopener\"><strong>Cherokee Cycling Club<\/strong><\/a><\/p>\n<p><strong>Licider M Despotovac<\/strong><\/p>\n<p><a href=\"https:\/\/www.instagram.com\/explore\/locations\/1589048711409273\/status-d-svilajnac\/\"><strong>Status D, Svilajnac<\/strong><\/a><\/p>\n<p><strong>Mini Metro Svilajnac<\/strong><\/p>\n<p><a href=\"https:\/\/www.instagram.com\/epic_laser_shop\/\"><strong>Epic Laser Shop<\/strong><\/a><\/p>\n<p><a href=\"https:\/\/www.instagram.com\/livsane_srbija\/\"><strong>Livsane Srbija<\/strong><\/a><\/p>\n<p><a href=\"https:\/\/www.instagram.com\/leuka.rs\/\"><strong>Leuka<\/strong><\/a><\/p>\n<\/div>\n\t\t<\/div><\/div><\/div><div id=\"pg-2084-2\"  class=\"panel-grid panel-no-style\" ><div id=\"pgc-2084-2-0\"  class=\"panel-grid-cell\" ><div id=\"panel-2084-2-0-0\" class=\"so-panel widget widget_text panel-first-child panel-last-child\" data-index=\"4\" >\t\t\t<div class=\"textwidget\"><p><strong>PRIJATELJI TRKE I TRKE PRIJATELJI:<br \/>\n<\/strong><\/p>\n<\/div>\n\t\t<\/div><\/div><\/div><div id=\"pg-2084-3\"  class=\"panel-grid panel-no-style\" ><div id=\"pgc-2084-3-0\"  class=\"panel-grid-cell\" ><div id=\"panel-2084-3-0-0\" class=\"so-panel widget widget_text panel-first-child panel-last-child\" data-index=\"5\" >\t\t\t<div class=\"textwidget\"><p><a href=\"https:\/\/www.facebook.com\/serija8k\/\" target=\"_blank\" rel=\"noopener\"><strong>8K Serija<\/strong><\/a><\/p>\n<p><a href=\"https:\/\/www.facebook.com\/westserbiatrails\/\" target=\"_blank\" rel=\"noopener\"><strong>West Serbia Trails<\/strong><\/a><\/p>\n<p><a href=\"http:\/\/taraultratrail.rs\/\"><strong>Tara Ultra Trail<\/strong><\/a><\/p>\n<p><strong><a href=\"https:\/\/www.instagram.com\/dugestazesvilajnac\/\">ARK Duge staze Svilajnac<\/a><\/strong><\/p>\n<\/div>\n\t\t<\/div><\/div><div id=\"pgc-2084-3-1\"  class=\"panel-grid-cell\" ><div id=\"panel-2084-3-1-0\" class=\"so-panel widget widget_text panel-first-child panel-last-child\" data-index=\"6\" >\t\t\t<div class=\"textwidget\"><p><a href=\"https:\/\/www.stazamajuga.rs\/\"><strong>Stazama juga<\/strong><\/a><\/p>\n<p><strong><a href=\"https:\/\/festivalzdravogduha.rs\/\" target=\"_blank\" rel=\"noopener\">Ov\u010darsko-kablarski festival zdravog duha<\/a><\/strong><\/p>\n<p><a href=\"https:\/\/www.facebook.com\/p\/Suboti%C4%8Dka-Liga-Drugarstva-61555199825968\/\"><strong>Suboti\u010dka liga drugarstva<\/strong><\/a><\/p>\n<p><a href=\"https:\/\/www.instagram.com\/stories\/ark_maratonac\/\"><strong>ARK Maratonac Kru\u0161evac<\/strong><\/a><\/p>\n<\/div>\n\t\t<\/div><\/div><div id=\"pgc-2084-3-2\"  class=\"panel-grid-cell\" ><div id=\"panel-2084-3-2-0\" class=\"so-panel widget widget_text panel-first-child panel-last-child\" data-index=\"7\" >\t\t\t<div class=\"textwidget\"><p><a href=\"https:\/\/www.facebook.com\/Crni-Vrh-trail-2021-106843404895714\/photos\/\" target=\"_blank\" rel=\"noopener\"><strong>Crni vrh Trail<\/strong><\/a><\/p>\n<p><a href=\"https:\/\/www.facebook.com\/suvatrail\"><strong>Suva Trail<\/strong><\/a><\/p>\n<p><a href=\"https:\/\/www.instagram.com\/highlanderserbia\/\"><strong>Highlander Srbija<\/strong><\/a><\/p>\n<p><a href=\"https:\/\/www.instagram.com\/suboticahalfmarathon\"><strong>Suboti\u010dki polumaraton<\/strong><\/a><\/p>\n<\/div>\n\t\t<\/div><\/div><\/div><div id=\"pg-2084-4\"  class=\"panel-grid panel-no-style\" ><div id=\"pgc-2084-4-0\"  class=\"panel-grid-cell\" ><div id=\"panel-2084-4-0-0\" class=\"so-panel widget widget_text panel-first-child panel-last-child\" data-index=\"8\" >\t\t\t<div class=\"textwidget\"><p><strong>NAGRADE:<\/strong><\/p>\n<p>Prikazane nagrade su zagarantovane. Nagradni fond se mo\u017ee i uve\u0107ati pa ispratite redovne promene na ovom mestu.<\/p>\n<\/div>\n\t\t<\/div><\/div><\/div><div id=\"pg-2084-5\"  class=\"panel-grid panel-no-style\" ><div id=\"pgc-2084-5-0\"  class=\"panel-grid-cell\" ><div id=\"panel-2084-5-0-0\" class=\"so-panel widget widget_sow-image panel-first-child panel-last-child\" data-index=\"9\" ><div\n\t\t\t\n\t\t\tclass=\"so-widget-sow-image so-widget-sow-image-default-113ccd71f3e6-2084\"\n\t\t\t\n\t\t>\n<h3 class=\"widget-title\">RED RACE<\/h3>\n<div class=\"sow-image-container\">\n\t\t<img loading=\"lazy\" decoding=\"async\" src=\"https:\/\/beljanicatrail.org\/wp-content\/uploads\/2024\/06\/podijum-red-300x194.png\" width=\"300\" height=\"194\" srcset=\"https:\/\/beljanicatrail.org\/wp-content\/uploads\/2024\/06\/podijum-red-300x194.png 300w, https:\/\/beljanicatrail.org\/wp-content\/uploads\/2024\/06\/podijum-red-1024x662.png 1024w, https:\/\/beljanicatrail.org\/wp-content\/uploads\/2024\/06\/podijum-red-768x497.png 768w, https:\/\/beljanicatrail.org\/wp-content\/uploads\/2024\/06\/podijum-red.png 1237w\" sizes=\"auto, (max-width: 300px) 100vw, 300px\" title=\"RED RACE\" alt=\"\" \t\tclass=\"so-widget-image\"\/>\n\t<\/div>\n\n<\/div><\/div><\/div><div id=\"pgc-2084-5-1\"  class=\"panel-grid-cell\" ><div id=\"panel-2084-5-1-0\" class=\"so-panel widget widget_sow-image panel-first-child panel-last-child\" data-index=\"10\" ><div\n\t\t\t\n\t\t\tclass=\"so-widget-sow-image so-widget-sow-image-default-113ccd71f3e6-2084\"\n\t\t\t\n\t\t>\n<h3 class=\"widget-title\">GREEN RACE<\/h3>\n<div class=\"sow-image-container\">\n\t\t<img loading=\"lazy\" decoding=\"async\" src=\"https:\/\/beljanicatrail.org\/wp-content\/uploads\/2024\/06\/podijum-green-300x194.png\" width=\"300\" height=\"194\" srcset=\"https:\/\/beljanicatrail.org\/wp-content\/uploads\/2024\/06\/podijum-green-300x194.png 300w, https:\/\/beljanicatrail.org\/wp-content\/uploads\/2024\/06\/podijum-green-1024x662.png 1024w, https:\/\/beljanicatrail.org\/wp-content\/uploads\/2024\/06\/podijum-green-768x497.png 768w, https:\/\/beljanicatrail.org\/wp-content\/uploads\/2024\/06\/podijum-green.png 1237w\" sizes=\"auto, (max-width: 300px) 100vw, 300px\" title=\"GREEN RACE\" alt=\"\" \t\tclass=\"so-widget-image\"\/>\n\t<\/div>\n\n<\/div><\/div><\/div><div id=\"pgc-2084-5-2\"  class=\"panel-grid-cell\" ><div id=\"panel-2084-5-2-0\" class=\"so-panel widget widget_sow-image panel-first-child panel-last-child\" data-index=\"11\" ><div\n\t\t\t\n\t\t\tclass=\"so-widget-sow-image so-widget-sow-image-default-113ccd71f3e6-2084\"\n\t\t\t\n\t\t>\n<h3 class=\"widget-title\">BLUE RACE<\/h3>\n<div class=\"sow-image-container\">\n\t\t<img loading=\"lazy\" decoding=\"async\" src=\"https:\/\/beljanicatrail.org\/wp-content\/uploads\/2024\/06\/podijum-blue-300x194.png\" width=\"300\" height=\"194\" srcset=\"https:\/\/beljanicatrail.org\/wp-content\/uploads\/2024\/06\/podijum-blue-300x194.png 300w, https:\/\/beljanicatrail.org\/wp-content\/uploads\/2024\/06\/podijum-blue-1024x662.png 1024w, https:\/\/beljanicatrail.org\/wp-content\/uploads\/2024\/06\/podijum-blue-768x497.png 768w, https:\/\/beljanicatrail.org\/wp-content\/uploads\/2024\/06\/podijum-blue.png 1237w\" sizes=\"auto, (max-width: 300px) 100vw, 300px\" title=\"BLUE RACE\" alt=\"\" \t\tclass=\"so-widget-image\"\/>\n\t<\/div>\n\n<\/div><\/div><\/div><\/div><\/div>","protected":false},"excerpt":{"rendered":"<p>Kafana IZVOR Lisine Op\u0161tina Svilajnac Lomax Company Info-Kod Re\u0161enja ROSA Homolje 2 lica Boban \u0161tamparija Villager Srbija Soci sokovi JP Resavska pe\u0107ina Prirodnja\u010dki centar Svilajnac Crveni krst Srbije, Svilajnac TubeR Sekira u medu Jevti\u0107 &#8211; Lukovica Zlatko Jovanovi\u0107 Medikus Plus Sportska organizacija Despotovac Tarina vo\u0107na dolina Boom Box Eco farma Milanovi\u0107 Cherokee Cycling Club Licider [&hellip;]<\/p>\n","protected":false},"author":1,"featured_media":0,"parent":0,"menu_order":0,"comment_status":"closed","ping_status":"closed","template":"","meta":{"_lmt_disableupdate":"no","_lmt_disable":"no","footnotes":""},"class_list":["post-2084","page","type-page","status-publish","hentry","post"],"_links":{"self":[{"href":"https:\/\/beljanicatrail.org\/index.php?rest_route=\/wp\/v2\/pages\/2084","targetHints":{"allow":["GET"]}}],"collection":[{"href":"https:\/\/beljanicatrail.org\/index.php?rest_route=\/wp\/v2\/pages"}],"about":[{"href":"https:\/\/beljanicatrail.org\/index.php?rest_route=\/wp\/v2\/types\/page"}],"author":[{"embeddable":true,"href":"https:\/\/beljanicatrail.org\/index.php?rest_route=\/wp\/v2\/users\/1"}],"replies":[{"embeddable":true,"href":"https:\/\/beljanicatrail.org\/index.php?rest_route=%2Fwp%2Fv2%2Fcomments&post=2084"}],"version-history":[{"count":20,"href":"https:\/\/beljanicatrail.org\/index.php?rest_route=\/wp\/v2\/pages\/2084\/revisions"}],"predecessor-version":[{"id":2272,"href":"https:\/\/beljanicatrail.org\/index.php?rest_route=\/wp\/v2\/pages\/2084\/revisions\/2272"}],"wp:attachment":[{"href":"https:\/\/beljanicatrail.org\/index.php?rest_route=%2Fwp%2Fv2%2Fmedia&parent=2084"}],"curies":[{"name":"wp","href":"https:\/\/api.w.org\/{rel}","templated":true}]}}