{"id":218,"date":"2022-05-02T21:01:51","date_gmt":"2022-05-02T19:01:51","guid":{"rendered":"https:\/\/beljanicatrail.org\/?page_id=218"},"modified":"2023-07-26T11:42:28","modified_gmt":"2023-07-26T09:42:28","slug":"lokacija","status":"publish","type":"page","link":"https:\/\/beljanicatrail.org\/?page_id=218","title":{"rendered":"Lokacija &#8211; Kako do trke"},"content":{"rendered":"<div id=\"pl-gb218-6a045d525ed06\"  class=\"panel-layout\" ><div id=\"pg-gb218-6a045d525ed06-0\"  class=\"panel-grid panel-no-style\" ><div id=\"pgc-gb218-6a045d525ed06-0-0\"  class=\"panel-grid-cell\" ><div id=\"panel-gb218-6a045d525ed06-0-0-0\" class=\"so-panel widget widget_media_image panel-first-child panel-last-child\" data-index=\"0\" ><img loading=\"lazy\" decoding=\"async\" width=\"1200\" height=\"200\" src=\"https:\/\/beljanicatrail.org\/wp-content\/uploads\/2022\/05\/lokacija-head_1200.jpg\" class=\"image wp-image-352  attachment-full size-full\" alt=\"\" style=\"max-width: 100%; height: auto;\" srcset=\"https:\/\/beljanicatrail.org\/wp-content\/uploads\/2022\/05\/lokacija-head_1200.jpg 1200w, https:\/\/beljanicatrail.org\/wp-content\/uploads\/2022\/05\/lokacija-head_1200-300x50.jpg 300w, https:\/\/beljanicatrail.org\/wp-content\/uploads\/2022\/05\/lokacija-head_1200-1024x171.jpg 1024w, https:\/\/beljanicatrail.org\/wp-content\/uploads\/2022\/05\/lokacija-head_1200-768x128.jpg 768w\" sizes=\"auto, (max-width: 1200px) 100vw, 1200px\" \/><\/div><\/div><\/div><\/div>\n\n\n<h4 class=\"wp-block-heading\">Ukoliko dolazite autoputem iz pravca Beograda, isklju\u010dite se na petlji Markovac (ili poznatijoj kao Stari hrast). Krenite put Svilajnca i nastavite prema Despotovcu.<\/h4>\n\n\n\n<h4 class=\"wp-block-heading\">Ako dolazite iz pravca Ni\u0161a, preporu\u010dujemo da se isklju\u010dite na petlji Jagodina pa preko sela Ribare krenite dalje do skretanja za Balajnac, skrenite na raskrsnici desno i do\u0111ite do Despotovca.<\/h4>\n\n\n\n<h4 class=\"wp-block-heading\">Ako dolazite iz isto\u010dne Srbije, preporu\u010dujemo pravce preko Petrovca i \u017dagubice, preko Krepoljina.<\/h4>\n\n\n\n<h4 class=\"wp-block-heading\">Zatim pratite oznake za resavsku pe\u0107inu ili Strmosten, Lisine. Kada do\u0111ete do odvajanja za resavsku pe\u0107inu (desno) ne skre\u0107ite ve\u0107 nastavite pravo (tj ulevo). Kada do\u0111ete do skretanja levo za Lisine, skrenite i preko mosti\u0107a pre\u0111ite. Nai\u0107i\u0107e te na rampu za naplatu pristupa Lisinama. Nastavite jo\u0161 oko 1,5km i kada iza\u0111ete na plato, sa desne strane na kraju platoa, na\u0107i \u0107ete restoran <a href=\"https:\/\/www.lisine.rs\/\" data-type=\"URL\" data-id=\"https:\/\/www.lisine.rs\/\">IZVOR Lisine<\/a>, poslednji u nizu objekata.<\/h4>\n\n\n\n<p class=\"has-background\" style=\"background-color:#7bdbb54d\"><strong>NAPOMENA: Svi lokalni putevi su odr\u017eavani, dobri i laki za vo\u017enju, nema ve\u0107ih uspona!<\/strong><\/p>\n\n\n\n<h5 class=\"wp-block-heading\">GPS kordinate: 44,101356 &#8211; 21,640302 ili Google Plus Code: 4J2R+Q6 Stenjevac<\/h5>\n\n\n\n<p>Distanca od Beograda (Arena) &#8211; 157km<\/p>\n\n\n\n<p>Distanca od Ni\u0161a (centar) &#8211; 148km<\/p>\n\n\n\n<p>Distanca od Kragujevca (centar) &#8211; 87km<\/p>\n\n\n<div id=\"pl-gb218-6a045d525fca0\"  class=\"panel-layout\" ><div id=\"pg-gb218-6a045d525fca0-0\"  class=\"panel-grid panel-no-style\" ><div id=\"pgc-gb218-6a045d525fca0-0-0\"  class=\"panel-grid-cell\" ><div id=\"panel-gb218-6a045d525fca0-0-0-0\" class=\"so-panel widget widget_sow-image panel-first-child panel-last-child\" data-index=\"0\" ><div\n\t\t\t\n\t\t\tclass=\"so-widget-sow-image so-widget-sow-image-default-113ccd71f3e6-218\"\n\t\t\t\n\t\t>\n\n<div class=\"sow-image-container\">\n\t\t\t<a href=\"https:\/\/www.lisine.rs\/\"\n\t\t\ttarget=\"_blank\" rel=\"noopener noreferrer\" \t\t>\n\t\t\t<img loading=\"lazy\" decoding=\"async\" src=\"https:\/\/beljanicatrail.org\/wp-content\/uploads\/2023\/07\/2703160733_izvor1-720x380.png\" width=\"720\" height=\"380\" sizes=\"auto, (max-width: 720px) 100vw, 720px\" alt=\"\" \t\tclass=\"so-widget-image\"\/>\n\t<\/a><\/div>\n\n<\/div><\/div><\/div><\/div><\/div>","protected":false},"excerpt":{"rendered":"<p>Ukoliko dolazite autoputem iz pravca Beograda, isklju\u010dite se na petlji Markovac (ili poznatijoj kao Stari hrast). Krenite put Svilajnca i nastavite prema Despotovcu. Ako dolazite iz pravca Ni\u0161a, preporu\u010dujemo da se isklju\u010dite na petlji Jagodina pa preko sela Ribare krenite dalje do skretanja za Balajnac, skrenite na raskrsnici desno i do\u0111ite do Despotovca. Ako dolazite [&hellip;]<\/p>\n","protected":false},"author":1,"featured_media":0,"parent":0,"menu_order":0,"comment_status":"closed","ping_status":"closed","template":"","meta":{"_lmt_disableupdate":"","_lmt_disable":"","footnotes":""},"class_list":["post-218","page","type-page","status-publish","hentry","post"],"_links":{"self":[{"href":"https:\/\/beljanicatrail.org\/index.php?rest_route=\/wp\/v2\/pages\/218","targetHints":{"allow":["GET"]}}],"collection":[{"href":"https:\/\/beljanicatrail.org\/index.php?rest_route=\/wp\/v2\/pages"}],"about":[{"href":"https:\/\/beljanicatrail.org\/index.php?rest_route=\/wp\/v2\/types\/page"}],"author":[{"embeddable":true,"href":"https:\/\/beljanicatrail.org\/index.php?rest_route=\/wp\/v2\/users\/1"}],"replies":[{"embeddable":true,"href":"https:\/\/beljanicatrail.org\/index.php?rest_route=%2Fwp%2Fv2%2Fcomments&post=218"}],"version-history":[{"count":19,"href":"https:\/\/beljanicatrail.org\/index.php?rest_route=\/wp\/v2\/pages\/218\/revisions"}],"predecessor-version":[{"id":1815,"href":"https:\/\/beljanicatrail.org\/index.php?rest_route=\/wp\/v2\/pages\/218\/revisions\/1815"}],"wp:attachment":[{"href":"https:\/\/beljanicatrail.org\/index.php?rest_route=%2Fwp%2Fv2%2Fmedia&parent=218"}],"curies":[{"name":"wp","href":"https:\/\/api.w.org\/{rel}","templated":true}]}}