{"id":298,"date":"2022-05-04T12:03:09","date_gmt":"2022-05-04T10:03:09","guid":{"rendered":"https:\/\/beljanicatrail.org\/?page_id=298"},"modified":"2024-06-08T10:30:18","modified_gmt":"2024-06-08T08:30:18","slug":"pravila","status":"publish","type":"page","link":"https:\/\/beljanicatrail.org\/?page_id=298","title":{"rendered":"Pravila"},"content":{"rendered":"<div id=\"pl-gb298-6a045d378e1c1\"  class=\"panel-layout wp-block-siteorigin-panels-layout-block\" ><div id=\"pg-gb298-6a045d378e1c1-0\"  class=\"panel-grid panel-no-style\" ><div id=\"pgc-gb298-6a045d378e1c1-0-0\"  class=\"panel-grid-cell\" ><div id=\"panel-gb298-6a045d378e1c1-0-0-0\" class=\"so-panel widget widget_media_image panel-first-child panel-last-child\" data-index=\"0\" ><img loading=\"lazy\" decoding=\"async\" width=\"1200\" height=\"200\" src=\"https:\/\/beljanicatrail.org\/wp-content\/uploads\/2022\/05\/pravila-head_1200.jpg\" class=\"image wp-image-349  attachment-full size-full\" alt=\"\" style=\"max-width: 100%; height: auto;\" srcset=\"https:\/\/beljanicatrail.org\/wp-content\/uploads\/2022\/05\/pravila-head_1200.jpg 1200w, https:\/\/beljanicatrail.org\/wp-content\/uploads\/2022\/05\/pravila-head_1200-300x50.jpg 300w, https:\/\/beljanicatrail.org\/wp-content\/uploads\/2022\/05\/pravila-head_1200-1024x171.jpg 1024w, https:\/\/beljanicatrail.org\/wp-content\/uploads\/2022\/05\/pravila-head_1200-768x128.jpg 768w\" sizes=\"auto, (max-width: 1200px) 100vw, 1200px\" \/><\/div><\/div><\/div><\/div>\n\n\n<p>Detaljni pravilnik obavezno pogledajte ovde: -&gt;<strong><a href=\"https:\/\/beljanicatrail.org\/wp-content\/uploads\/2022\/08\/Pravilnik_1.Beljanica_Trail.pdf\"> <\/a><a href=\"https:\/\/beljanicatrail.org\/wp-content\/uploads\/2023\/08\/Pravilnik_Beljanica_Trail_2023.pdf\" target=\"_blank\" rel=\"noreferrer noopener\">PRAVILNIK<\/a><\/strong><\/p>\n\n\n\n<p>U kratkim crtama:<\/p>\n\n\n\n<ul class=\"wp-block-list\">\n<li>Trka je otvorena za sve punoletne takmi\u010dare kao i za maloletne, starosti od 16 godina, uz potpisanu saglasnost roditelja ili staratelja. Pogledajte -&gt; <strong><a href=\"https:\/\/beljanicatrail.org\/wp-content\/uploads\/2023\/08\/saglasnost-roditelja-2023.docx\" target=\"_blank\" rel=\"noreferrer noopener\">SAGLASNOST RODITELJA<\/a><\/strong><\/li>\n\n\n\n<li>Izuzetak je Zelena trka gde mogu u\u010destovati i takmi\u010dari starosti od 15 do 16 godina uz pratnju jednog od roditelja ili staratelja uz, tako\u0111e potpisanu izjavu.<\/li>\n\n\n\n<li>Svi takmi\u010dari tr\u010de na sopstvenu odgovornost i potrebno je da budu psihofizi\u010dki sposobni za u\u010de\u0161\u0107e na trci.<\/li>\n\n\n\n<li>Takmi\u010dari potpisuju Izjavu o osloba\u0111anju od odgovornosti za u\u010destvovanje i prihvatanju pravila trke na licu mesta. Pogledajte -&gt; <strong><a rel=\"noreferrer noopener\" href=\"https:\/\/beljanicatrail.org\/wp-content\/uploads\/2022\/08\/Izjava_o_oslobadanju_org_od_odgov.pdf\" target=\"_blank\">IZJAVA O OSLOBA\u0110ANJU O ODGOVORNOSTI<\/a><\/strong><\/li>\n\n\n\n<li>U\u010desnik mo\u017ee odustati od trke i nije u obavezi da o tome obavesti organizatora, a organizator nije u obavezi da vrati upla\u0107eni novac.<\/li>\n\n\n\n<li>U\u010desnik mora biti svestan\/svesna svih svojih eventualnih zdravstvenih problema i da osloba\u0111a organizatora bilo kakve odgovornosti za zdravstvene probleme do kojih mo\u017ee do\u0107i tokom trke, a koji su nastali zbog li\u010dne nepa\u017enje ili nepa\u017enje drugih faktora.<\/li>\n\n\n\n<li>U slu\u010daju lo\u0161ih meteorolo\u0161kih uslova i\/ili iz sigurnosnih razloga organizatori zadr\u017eavaju pravo prekida doga\u0111aja.<\/li>\n\n\n\n<li>Preporu\u010deno je takmi\u010dari ponesu na trku od opreme minimum \u0161u\u0161kavac, astro foliju i pi\u0161taljku jer u slu\u010daju lo\u0161eg vremena organizator ima pravo da ne pusti da u trci u\u010destvuju takmi\u010dari koji nemaju minimalno propisanu opremu.<\/li>\n\n\n\n<li>Organizatori, tako\u0111e, zadr\u017eavaju pravo da izmene stazu i uslove na stazi (du\u017einu staze, trasu, broj okrepa, broj kontrolnih ta\u010daka i sl.) radi bezbednosti takmi\u010dara.<\/li>\n\n\n\n<li>Vremenski limit za KT2 za Crvenu trku je 3h. Ko ne uspe da do\u0111e do KT2 u predvi\u0111enom roku bi\u0107e preusmeren drugom rutom nazad ka cilju i ne\u0107e biti klasifikovan u poretku trke na kraju.<\/li>\n\n\n\n<li>U slu\u010dajevima da neko od takmi\u010dara odbije nakon vremenskog limita da krene ka cilju ili samostalno nastavi dalje, organizator vi\u0161e ne snosi nikakvu odgovornost za bezbednost i zdravlje takmi\u010dara do kraja manifestacije.<\/li>\n\n\n\n<li>Vremenski limit cele trke (Crvene i Zelene) je 6h (kraj se ozna\u010dava u 16:30)<\/li>\n<\/ul>\n\n\n\n<ul class=\"wp-block-list\">\n<li>Po\u0161tujte prirodu i nacionalni park! Ne odla\u017eite ili bacajte bilo \u0161ta tokom trke!<\/li>\n<\/ul>\n","protected":false},"excerpt":{"rendered":"<p>Detaljni pravilnik obavezno pogledajte ovde: -&gt; PRAVILNIK U kratkim crtama:<\/p>\n","protected":false},"author":1,"featured_media":0,"parent":0,"menu_order":0,"comment_status":"closed","ping_status":"closed","template":"","meta":{"_lmt_disableupdate":"","_lmt_disable":"","footnotes":""},"class_list":["post-298","page","type-page","status-publish","hentry","post"],"_links":{"self":[{"href":"https:\/\/beljanicatrail.org\/index.php?rest_route=\/wp\/v2\/pages\/298","targetHints":{"allow":["GET"]}}],"collection":[{"href":"https:\/\/beljanicatrail.org\/index.php?rest_route=\/wp\/v2\/pages"}],"about":[{"href":"https:\/\/beljanicatrail.org\/index.php?rest_route=\/wp\/v2\/types\/page"}],"author":[{"embeddable":true,"href":"https:\/\/beljanicatrail.org\/index.php?rest_route=\/wp\/v2\/users\/1"}],"replies":[{"embeddable":true,"href":"https:\/\/beljanicatrail.org\/index.php?rest_route=%2Fwp%2Fv2%2Fcomments&post=298"}],"version-history":[{"count":26,"href":"https:\/\/beljanicatrail.org\/index.php?rest_route=\/wp\/v2\/pages\/298\/revisions"}],"predecessor-version":[{"id":2009,"href":"https:\/\/beljanicatrail.org\/index.php?rest_route=\/wp\/v2\/pages\/298\/revisions\/2009"}],"wp:attachment":[{"href":"https:\/\/beljanicatrail.org\/index.php?rest_route=%2Fwp%2Fv2%2Fmedia&parent=298"}],"curies":[{"name":"wp","href":"https:\/\/api.w.org\/{rel}","templated":true}]}}