{"id":30,"date":"2022-04-09T20:03:44","date_gmt":"2022-04-09T18:03:44","guid":{"rendered":"https:\/\/beljanicatrail.org\/?page_id=30"},"modified":"2022-07-15T11:18:47","modified_gmt":"2022-07-15T09:18:47","slug":"o-nama","status":"publish","type":"page","link":"https:\/\/beljanicatrail.org\/?page_id=30","title":{"rendered":"O nama"},"content":{"rendered":"<div id=\"pl-gb30-6a045cf95f8f2\"  class=\"panel-layout\" ><div id=\"pg-gb30-6a045cf95f8f2-0\"  class=\"panel-grid panel-no-style\" ><div id=\"pgc-gb30-6a045cf95f8f2-0-0\"  class=\"panel-grid-cell\" ><div id=\"panel-gb30-6a045cf95f8f2-0-0-0\" class=\"so-panel widget widget_media_image panel-first-child panel-last-child\" data-index=\"0\" ><img loading=\"lazy\" decoding=\"async\" width=\"300\" height=\"300\" src=\"https:\/\/beljanicatrail.org\/wp-content\/uploads\/2022\/07\/Eco_Trails_v2.0_1181-300x300.png\" class=\"image wp-image-1065  attachment-medium size-medium\" alt=\"\" style=\"max-width: 100%; height: auto;\" srcset=\"https:\/\/beljanicatrail.org\/wp-content\/uploads\/2022\/07\/Eco_Trails_v2.0_1181-300x300.png 300w, https:\/\/beljanicatrail.org\/wp-content\/uploads\/2022\/07\/Eco_Trails_v2.0_1181-1024x1024.png 1024w, https:\/\/beljanicatrail.org\/wp-content\/uploads\/2022\/07\/Eco_Trails_v2.0_1181-150x150.png 150w, https:\/\/beljanicatrail.org\/wp-content\/uploads\/2022\/07\/Eco_Trails_v2.0_1181-768x768.png 768w, https:\/\/beljanicatrail.org\/wp-content\/uploads\/2022\/07\/Eco_Trails_v2.0_1181.png 1181w\" sizes=\"auto, (max-width: 300px) 100vw, 300px\" \/><\/div><\/div><\/div><\/div>\n\n\n<h4 class=\"wp-block-heading\">Eco Trails je Sportsko udru\u017eenje osnovano 2022. godine sa ciljem promovisanja planinskog tr\u010danja i aktivnosti u prirodi uop\u0161te, sa osvrtom na ekologiju i o\u010duvanje prirode.<\/h4>\n\n\n\n<h4 class=\"wp-block-heading\">Sedi\u0161te udru\u017eenja je u Svilajncu.<\/h4>\n\n\n\n<p>Statut udru\u017eenja -&gt; <a href=\"https:\/\/beljanicatrail.org\/files\/statut.tif\" data-type=\"URL\" data-id=\"https:\/\/beljanicatrail.org\/files\/statut.tif\">PRO\u010cITAJ<\/a><\/p>\n","protected":false},"excerpt":{"rendered":"<p>Eco Trails je Sportsko udru\u017eenje osnovano 2022. godine sa ciljem promovisanja planinskog tr\u010danja i aktivnosti u prirodi uop\u0161te, sa osvrtom na ekologiju i o\u010duvanje prirode. Sedi\u0161te udru\u017eenja je u Svilajncu. Statut udru\u017eenja -&gt; PRO\u010cITAJ<\/p>\n","protected":false},"author":1,"featured_media":0,"parent":0,"menu_order":0,"comment_status":"closed","ping_status":"closed","template":"","meta":{"_lmt_disableupdate":"","_lmt_disable":"","footnotes":""},"class_list":["post-30","page","type-page","status-publish","hentry","post"],"_links":{"self":[{"href":"https:\/\/beljanicatrail.org\/index.php?rest_route=\/wp\/v2\/pages\/30","targetHints":{"allow":["GET"]}}],"collection":[{"href":"https:\/\/beljanicatrail.org\/index.php?rest_route=\/wp\/v2\/pages"}],"about":[{"href":"https:\/\/beljanicatrail.org\/index.php?rest_route=\/wp\/v2\/types\/page"}],"author":[{"embeddable":true,"href":"https:\/\/beljanicatrail.org\/index.php?rest_route=\/wp\/v2\/users\/1"}],"replies":[{"embeddable":true,"href":"https:\/\/beljanicatrail.org\/index.php?rest_route=%2Fwp%2Fv2%2Fcomments&post=30"}],"version-history":[{"count":12,"href":"https:\/\/beljanicatrail.org\/index.php?rest_route=\/wp\/v2\/pages\/30\/revisions"}],"predecessor-version":[{"id":1066,"href":"https:\/\/beljanicatrail.org\/index.php?rest_route=\/wp\/v2\/pages\/30\/revisions\/1066"}],"wp:attachment":[{"href":"https:\/\/beljanicatrail.org\/index.php?rest_route=%2Fwp%2Fv2%2Fmedia&parent=30"}],"curies":[{"name":"wp","href":"https:\/\/api.w.org\/{rel}","templated":true}]}}